{"id":15022,"date":"2024-04-11T09:47:11","date_gmt":"2024-04-11T06:47:11","guid":{"rendered":"https:\/\/nikari.fi\/spaces\/"},"modified":"2024-05-31T09:52:40","modified_gmt":"2024-05-31T06:52:40","slug":"tiloja","status":"publish","type":"page","link":"https:\/\/nikari.fi\/fi\/tiloja\/","title":{"rendered":"Tiloja"},"content":{"rendered":"\t<div id=\"gap-39464772\" class=\"gap-element clearfix\" style=\"display:block; height:auto;\">\n\t\t\n<style>\n#gap-39464772 {\n  padding-top: 30px;\n}\n<\/style>\n\t<\/div>\n\t\n<div class=\"row align-middle\"  id=\"row-1381582321\">\n\n\t<div id=\"col-1701357324\" class=\"col medium-4 small-12 large-4\"  >\n\t\t\t\t<div class=\"col-inner\"  >\n\t\t\t\n\t\t\t\n<p><strong><span style=\"font-size: 110%;\">TILOJA<\/span><\/strong><\/p>\n\t<div id=\"gap-1696193186\" class=\"gap-element clearfix\" style=\"display:block; height:auto;\">\n\t\t\n<style>\n#gap-1696193186 {\n  padding-top: 50px;\n}\n<\/style>\n\t<\/div>\n\t\n<p>Nikari on ollut vuosien varrella mukana lukuisissa tilasuunnitteluprojekteissa yksityiskodeista julkisiin tiloihin. Kohteina on ollut esimerkiksi kirkkoja, yliopistoja, konserttisaleja, hotelleita ja ravintoloita. Taidepainotteiset, uniikit yhteisty\u00f6projektit auttavat pysym\u00e4\u00e4n ajan hermoilla nykyarkkitehtuurin suuntauksista ja ajatuksista, sek\u00e4 mahdollistavat tuotteiden r\u00e4\u00e4t\u00e4l\u00f6imisen kooltaan ja v\u00e4reilt\u00e4\u00e4n tilaan sopiviksi.<\/p>\n\t\t<\/div>\n\t\t\t\t\n<style>\n#col-1701357324 > .col-inner {\n  padding: 0px 0px 0 0px;\n  margin: 0px 0px 0 0px;\n}\n<\/style>\n\t<\/div>\n\n\t\n\n\t<div id=\"col-217382830\" class=\"col medium-8 small-12 large-8\"  >\n\t\t\t\t<div class=\"col-inner\"  >\n\t\t\t\n\t\t\t\n\t<div class=\"img has-hover x md-x lg-x y md-y lg-y\" id=\"image_1075093483\">\n\t\t\t\t\t\t\t\t<div class=\"img-inner image-cover dark\" style=\"padding-top:400px;\">\n\t\t\t<img loading=\"lazy\" decoding=\"async\" width=\"1920\" height=\"1371\" src=\"https:\/\/nikari.fi\/wp-content\/uploads\/2024\/05\/nikari-noma-jasper-morrison-wataru-kumano-december-chair-canvas-credit-R-Hortshoj-space1.webp\" class=\"attachment-original size-original\" alt=\"\" srcset=\"https:\/\/nikari.fi\/wp-content\/uploads\/2024\/05\/nikari-noma-jasper-morrison-wataru-kumano-december-chair-canvas-credit-R-Hortshoj-space1.webp 1920w, https:\/\/nikari.fi\/wp-content\/uploads\/2024\/05\/nikari-noma-jasper-morrison-wataru-kumano-december-chair-canvas-credit-R-Hortshoj-space1-600x428.webp 600w, https:\/\/nikari.fi\/wp-content\/uploads\/2024\/05\/nikari-noma-jasper-morrison-wataru-kumano-december-chair-canvas-credit-R-Hortshoj-space1-300x214.webp 300w, https:\/\/nikari.fi\/wp-content\/uploads\/2024\/05\/nikari-noma-jasper-morrison-wataru-kumano-december-chair-canvas-credit-R-Hortshoj-space1-1024x731.webp 1024w, https:\/\/nikari.fi\/wp-content\/uploads\/2024\/05\/nikari-noma-jasper-morrison-wataru-kumano-december-chair-canvas-credit-R-Hortshoj-space1-768x548.webp 768w, https:\/\/nikari.fi\/wp-content\/uploads\/2024\/05\/nikari-noma-jasper-morrison-wataru-kumano-december-chair-canvas-credit-R-Hortshoj-space1-1536x1097.webp 1536w\" sizes=\"auto, (max-width: 1920px) 100vw, 1920px\" \/>\t\t\t\t\t\t\n\t\t\t\t\t<\/div>\n\t\t\t\t\t\t\t\t\n<style>\n#image_1075093483 {\n  width: 100%;\n}\n<\/style>\n\t<\/div>\n\t\n\t\t<\/div>\n\t\t\t\t\n<style>\n#col-217382830 > .col-inner {\n  padding: 0px 0px 0 0px;\n  margin: 0px 0px 0 0px;\n}\n<\/style>\n\t<\/div>\n\n\t\n\n<style>\n#row-1381582321 > .col > .col-inner {\n  padding: 0px 0px 0 0px;\n}\n<\/style>\n<\/div>\n<div class=\"row row-collapse\"  id=\"row-212598626\">\n\n\t<div id=\"col-1633379795\" class=\"col small-12 large-12\"  >\n\t\t\t\t<div class=\"col-inner\"  >\n\t\t\t\n\t\t\t\n<div class=\"accordion\">\n\t<div id=\"accordion-4100722367\" class=\"accordion-item\">\n\t\t<a id=\"accordion-4100722367-label\" class=\"accordion-title plain\" href=\"#accordion-item-kaikki-tilat\" aria-expanded=\"false\" aria-controls=\"accordion-4100722367-content\">\n\t\t\t<button class=\"toggle\" aria-label=\"Toggle\"><i class=\"icon-angle-down\" aria-hidden=\"true\"><\/i><\/button>\n\t\t\t<span>Kaikki tilat<\/span>\n\t\t<\/a>\n\t\t<div id=\"accordion-4100722367-content\" class=\"accordion-inner\" aria-labelledby=\"accordion-4100722367-label\">\n\t\t\t\n<div class=\"row\"  id=\"row-139303326\">\n\n\t<div id=\"col-1094715230\" class=\"col medium-2 small-6 large-2\"  >\n\t\t\t\t<div class=\"col-inner\"  >\n\t\t\t\n\t\t\t\n<p><a href=\"https:\/\/nikari.fi\/fi\/tiloja\/hotellit-ravintolat\/\">Hotellit ja ravintolat<\/a><br \/><a href=\"https:\/\/nikari.fi\/fi\/tiloja\/toimistot-julkiset-tilat\/\">Toimistot ja julkiset tilat<\/a><br \/><a href=\"https:\/\/nikari.fi\/fi\/tiloja\/koulutus\/\">Koulutus<\/a><\/p>\n<p>Kaikki tilat<\/p>\n\t\t<\/div>\n\t\t\t\t\t<\/div>\n\n\t\n\n\t<div id=\"col-983837276\" class=\"col medium-2 small-6 large-2\"  >\n\t\t\t\t<div class=\"col-inner\"  >\n\t\t\t\n\t\t\t\n<p><a href=\"https:\/\/nikari.fi\/fi\/tiloja\/ulkotilat-hyvinvointi\/\">Ulkotilat ja hyvinvointi<\/a><br \/><a href=\"https:\/\/nikari.fi\/fi\/tiloja\/yksityiset-tilat\/\">Yksityiset tilat<\/a><br \/><a href=\"https:\/\/nikari.fi\/fi\/tiloja\/taide-kulttuuri-tapahtumat\/\">Taide, kulttuuri, tapahtumat<\/a><\/p>\n\t\t<\/div>\n\t\t\t\t\t<\/div>\n\n\t\n<\/div>\n\t\t<\/div>\n\t<\/div>\n\t\n<\/div>\n\t\t<\/div>\n\t\t\t\t\t<\/div>\n\n\t\n<\/div>\n<div class=\"text-center\"><div class=\"is-divider divider clearfix\" style=\"max-width:100%;height:1px;background-color:rgb(102, 102, 102);\"><\/div><\/div>\n\t<div id=\"gap-1066360067\" class=\"gap-element clearfix\" style=\"display:block; height:auto;\">\n\t\t\n<style>\n#gap-1066360067 {\n  padding-top: 30px;\n}\n<\/style>\n\t<\/div>\n\t\n<div class=\"row\"  id=\"row-1077384463\">\n\n\t<div id=\"col-1005348203\" class=\"col medium-4 small-6 large-4\"  >\n\t\t\t\t<div class=\"col-inner\"  >\n\t\t\t\n\t\t\t\n\t<div class=\"box has-hover   has-hover box-text-bottom\" >\n\n\t\t<div class=\"box-image\" >\n\t\t\t<a href=\"https:\/\/nikari.fi\/fi\/tiloja\/hotellit-ravintolat\/\" >\t\t\t<div class=\"image-cover\" style=\"padding-top:150%;\">\n\t\t\t\t<img loading=\"lazy\" decoding=\"async\" width=\"1920\" height=\"1286\" src=\"https:\/\/nikari.fi\/wp-content\/uploads\/2024\/05\/nikari-atelje-finne-rudi-merz-linea-RMT3-upholstered-chair-ash-credit-Ida-Pimenoff-space2.webp\" class=\"attachment- size-\" alt=\"\" srcset=\"https:\/\/nikari.fi\/wp-content\/uploads\/2024\/05\/nikari-atelje-finne-rudi-merz-linea-RMT3-upholstered-chair-ash-credit-Ida-Pimenoff-space2.webp 1920w, https:\/\/nikari.fi\/wp-content\/uploads\/2024\/05\/nikari-atelje-finne-rudi-merz-linea-RMT3-upholstered-chair-ash-credit-Ida-Pimenoff-space2-600x402.webp 600w, https:\/\/nikari.fi\/wp-content\/uploads\/2024\/05\/nikari-atelje-finne-rudi-merz-linea-RMT3-upholstered-chair-ash-credit-Ida-Pimenoff-space2-300x201.webp 300w, https:\/\/nikari.fi\/wp-content\/uploads\/2024\/05\/nikari-atelje-finne-rudi-merz-linea-RMT3-upholstered-chair-ash-credit-Ida-Pimenoff-space2-1024x686.webp 1024w, https:\/\/nikari.fi\/wp-content\/uploads\/2024\/05\/nikari-atelje-finne-rudi-merz-linea-RMT3-upholstered-chair-ash-credit-Ida-Pimenoff-space2-768x514.webp 768w, https:\/\/nikari.fi\/wp-content\/uploads\/2024\/05\/nikari-atelje-finne-rudi-merz-linea-RMT3-upholstered-chair-ash-credit-Ida-Pimenoff-space2-1536x1029.webp 1536w\" sizes=\"auto, (max-width: 1920px) 100vw, 1920px\" \/>\t\t\t\t\t\t\t\t\t\t\t<\/div>\n\t\t\t<\/a>\t\t<\/div>\n\n\t\t<div class=\"box-text text-center\" >\n\t\t\t<div class=\"box-text-inner\">\n\t\t\t\t\n<h5>Hotellit ja ravintolat<\/h5>\n\t\t\t<\/div>\n\t\t<\/div>\n\t<\/div>\n\t\n\t\t<\/div>\n\t\t\t\t\t<\/div>\n\n\t\n\n\t<div id=\"col-137806624\" class=\"col medium-4 small-6 large-4\"  >\n\t\t\t\t<div class=\"col-inner\"  >\n\t\t\t\n\t\t\t\n\t<div class=\"box has-hover   has-hover box-text-bottom\" >\n\n\t\t<div class=\"box-image\" >\n\t\t\t<a href=\"https:\/\/nikari.fi\/fi\/tiloja\/toimistot-julkiset-tilat\/\" >\t\t\t<div class=\"image-cover\" style=\"padding-top:150%;\">\n\t\t\t\t<img loading=\"lazy\" decoding=\"async\" width=\"1920\" height=\"1441\" src=\"https:\/\/nikari.fi\/wp-content\/uploads\/2024\/05\/nikari-neste-kari-virtanen-seminar-table-KVP7-space1.webp\" class=\"attachment- size-\" alt=\"\" srcset=\"https:\/\/nikari.fi\/wp-content\/uploads\/2024\/05\/nikari-neste-kari-virtanen-seminar-table-KVP7-space1.webp 1920w, https:\/\/nikari.fi\/wp-content\/uploads\/2024\/05\/nikari-neste-kari-virtanen-seminar-table-KVP7-space1-600x450.webp 600w, https:\/\/nikari.fi\/wp-content\/uploads\/2024\/05\/nikari-neste-kari-virtanen-seminar-table-KVP7-space1-300x225.webp 300w, https:\/\/nikari.fi\/wp-content\/uploads\/2024\/05\/nikari-neste-kari-virtanen-seminar-table-KVP7-space1-1024x769.webp 1024w, https:\/\/nikari.fi\/wp-content\/uploads\/2024\/05\/nikari-neste-kari-virtanen-seminar-table-KVP7-space1-768x576.webp 768w, https:\/\/nikari.fi\/wp-content\/uploads\/2024\/05\/nikari-neste-kari-virtanen-seminar-table-KVP7-space1-1536x1153.webp 1536w\" sizes=\"auto, (max-width: 1920px) 100vw, 1920px\" \/>\t\t\t\t\t\t\t\t\t\t\t<\/div>\n\t\t\t<\/a>\t\t<\/div>\n\n\t\t<div class=\"box-text text-center\" >\n\t\t\t<div class=\"box-text-inner\">\n\t\t\t\t\n<h5>Toimistot ja julkiset tilat<\/h5>\n\t\t\t<\/div>\n\t\t<\/div>\n\t<\/div>\n\t\n\t\t<\/div>\n\t\t\t\t\t<\/div>\n\n\t\n\n\t<div id=\"col-1061722757\" class=\"col medium-4 small-6 large-4\"  >\n\t\t\t\t<div class=\"col-inner\"  >\n\t\t\t\n\t\t\t\n\t<div class=\"box has-hover   has-hover box-text-bottom\" >\n\n\t\t<div class=\"box-image\" >\n\t\t\t<a href=\"https:\/\/nikari.fi\/fi\/tiloja\/koulutus\/\" >\t\t\t<div class=\"image-cover\" style=\"padding-top:150%;\">\n\t\t\t\t<img loading=\"lazy\" decoding=\"async\" width=\"1409\" height=\"1920\" src=\"https:\/\/nikari.fi\/wp-content\/uploads\/2024\/05\/nikari-jakomaki-kari-virtanen-skandinavia-kvt6s-chair-kvp12-table-birch-stackable-space1.webp\" class=\"attachment- size-\" alt=\"\" srcset=\"https:\/\/nikari.fi\/wp-content\/uploads\/2024\/05\/nikari-jakomaki-kari-virtanen-skandinavia-kvt6s-chair-kvp12-table-birch-stackable-space1.webp 1409w, https:\/\/nikari.fi\/wp-content\/uploads\/2024\/05\/nikari-jakomaki-kari-virtanen-skandinavia-kvt6s-chair-kvp12-table-birch-stackable-space1-600x818.webp 600w, https:\/\/nikari.fi\/wp-content\/uploads\/2024\/05\/nikari-jakomaki-kari-virtanen-skandinavia-kvt6s-chair-kvp12-table-birch-stackable-space1-220x300.webp 220w, https:\/\/nikari.fi\/wp-content\/uploads\/2024\/05\/nikari-jakomaki-kari-virtanen-skandinavia-kvt6s-chair-kvp12-table-birch-stackable-space1-1024x1395.webp 1024w, https:\/\/nikari.fi\/wp-content\/uploads\/2024\/05\/nikari-jakomaki-kari-virtanen-skandinavia-kvt6s-chair-kvp12-table-birch-stackable-space1-768x1047.webp 768w, https:\/\/nikari.fi\/wp-content\/uploads\/2024\/05\/nikari-jakomaki-kari-virtanen-skandinavia-kvt6s-chair-kvp12-table-birch-stackable-space1-1127x1536.webp 1127w\" sizes=\"auto, (max-width: 1409px) 100vw, 1409px\" \/>\t\t\t\t\t\t\t\t\t\t\t<\/div>\n\t\t\t<\/a>\t\t<\/div>\n\n\t\t<div class=\"box-text text-center\" >\n\t\t\t<div class=\"box-text-inner\">\n\t\t\t\t\n<h5>Koulutus<\/h5>\n\t\t\t<\/div>\n\t\t<\/div>\n\t<\/div>\n\t\n\t\t<\/div>\n\t\t\t\t\t<\/div>\n\n\t\n\n\t<div id=\"col-1469741775\" class=\"col medium-4 small-6 large-4\"  >\n\t\t\t\t<div class=\"col-inner\"  >\n\t\t\t\n\t\t\t\n\t<div class=\"box has-hover   has-hover box-text-bottom\" >\n\n\t\t<div class=\"box-image\" >\n\t\t\t<a href=\"https:\/\/nikari.fi\/fi\/tiloja\/ulkotilat-hyvinvointi\/\" >\t\t\t<div class=\"image-cover\" style=\"padding-top:150%;\">\n\t\t\t\t<img loading=\"lazy\" decoding=\"async\" width=\"1920\" height=\"1280\" src=\"https:\/\/nikari.fi\/wp-content\/uploads\/2024\/05\/nikari-sibeliustalo-kari-virtanen-arkipelago-chair-table-oak-space1.webp\" class=\"attachment- size-\" alt=\"\" srcset=\"https:\/\/nikari.fi\/wp-content\/uploads\/2024\/05\/nikari-sibeliustalo-kari-virtanen-arkipelago-chair-table-oak-space1.webp 1920w, https:\/\/nikari.fi\/wp-content\/uploads\/2024\/05\/nikari-sibeliustalo-kari-virtanen-arkipelago-chair-table-oak-space1-600x400.webp 600w, https:\/\/nikari.fi\/wp-content\/uploads\/2024\/05\/nikari-sibeliustalo-kari-virtanen-arkipelago-chair-table-oak-space1-300x200.webp 300w, https:\/\/nikari.fi\/wp-content\/uploads\/2024\/05\/nikari-sibeliustalo-kari-virtanen-arkipelago-chair-table-oak-space1-1024x683.webp 1024w, https:\/\/nikari.fi\/wp-content\/uploads\/2024\/05\/nikari-sibeliustalo-kari-virtanen-arkipelago-chair-table-oak-space1-768x512.webp 768w, https:\/\/nikari.fi\/wp-content\/uploads\/2024\/05\/nikari-sibeliustalo-kari-virtanen-arkipelago-chair-table-oak-space1-1536x1024.webp 1536w\" sizes=\"auto, (max-width: 1920px) 100vw, 1920px\" \/>\t\t\t\t\t\t\t\t\t\t\t<\/div>\n\t\t\t<\/a>\t\t<\/div>\n\n\t\t<div class=\"box-text text-center\" >\n\t\t\t<div class=\"box-text-inner\">\n\t\t\t\t\n<h5>Ulkotilat ja hyvinvointi<\/h5>\n\t\t\t<\/div>\n\t\t<\/div>\n\t<\/div>\n\t\n\t\t<\/div>\n\t\t\t\t\t<\/div>\n\n\t\n\n\t<div id=\"col-854690121\" class=\"col medium-4 small-6 large-4\"  >\n\t\t\t\t<div class=\"col-inner\"  >\n\t\t\t\n\t\t\t\n\t<div class=\"box has-hover   has-hover box-text-bottom\" >\n\n\t\t<div class=\"box-image\" >\n\t\t\t<a href=\"https:\/\/nikari.fi\/fi\/tiloja\/yksityiset-tilat\/\" >\t\t\t<div class=\"image-cover\" style=\"padding-top:150%;\">\n\t\t\t\t<img loading=\"lazy\" decoding=\"async\" width=\"1547\" height=\"1920\" src=\"https:\/\/nikari.fi\/wp-content\/uploads\/2024\/05\/nikari-jasper-morrison-wataru-kumano-december-lounge-chair-linen-alfredo-haberli-coffee-table-april-oak-ash-birch-space1.webp\" class=\"attachment- size-\" alt=\"\" srcset=\"https:\/\/nikari.fi\/wp-content\/uploads\/2024\/05\/nikari-jasper-morrison-wataru-kumano-december-lounge-chair-linen-alfredo-haberli-coffee-table-april-oak-ash-birch-space1.webp 1547w, https:\/\/nikari.fi\/wp-content\/uploads\/2024\/05\/nikari-jasper-morrison-wataru-kumano-december-lounge-chair-linen-alfredo-haberli-coffee-table-april-oak-ash-birch-space1-600x745.webp 600w, https:\/\/nikari.fi\/wp-content\/uploads\/2024\/05\/nikari-jasper-morrison-wataru-kumano-december-lounge-chair-linen-alfredo-haberli-coffee-table-april-oak-ash-birch-space1-242x300.webp 242w, https:\/\/nikari.fi\/wp-content\/uploads\/2024\/05\/nikari-jasper-morrison-wataru-kumano-december-lounge-chair-linen-alfredo-haberli-coffee-table-april-oak-ash-birch-space1-1024x1271.webp 1024w, https:\/\/nikari.fi\/wp-content\/uploads\/2024\/05\/nikari-jasper-morrison-wataru-kumano-december-lounge-chair-linen-alfredo-haberli-coffee-table-april-oak-ash-birch-space1-768x953.webp 768w, https:\/\/nikari.fi\/wp-content\/uploads\/2024\/05\/nikari-jasper-morrison-wataru-kumano-december-lounge-chair-linen-alfredo-haberli-coffee-table-april-oak-ash-birch-space1-1238x1536.webp 1238w\" sizes=\"auto, (max-width: 1547px) 100vw, 1547px\" \/>\t\t\t\t\t\t\t\t\t\t\t<\/div>\n\t\t\t<\/a>\t\t<\/div>\n\n\t\t<div class=\"box-text text-center\" >\n\t\t\t<div class=\"box-text-inner\">\n\t\t\t\t\n<h5>Yksityiset tilat<\/h5>\n\t\t\t<\/div>\n\t\t<\/div>\n\t<\/div>\n\t\n\t\t<\/div>\n\t\t\t\t\t<\/div>\n\n\t\n\n\t<div id=\"col-2080261388\" class=\"col medium-4 small-6 large-4\"  >\n\t\t\t\t<div class=\"col-inner\"  >\n\t\t\t\n\t\t\t\n\t<div class=\"box has-hover   has-hover box-text-bottom\" >\n\n\t\t<div class=\"box-image\" >\n\t\t\t<a href=\"https:\/\/nikari.fi\/fi\/tiloja\/taide-kulttuuri-tapahtumat\/\" >\t\t\t<div class=\"image-cover\" style=\"padding-top:150%;\">\n\t\t\t\t<img loading=\"lazy\" decoding=\"async\" width=\"1371\" height=\"1920\" src=\"https:\/\/nikari.fi\/wp-content\/uploads\/2024\/05\/nikari-gallery-fumi-kustaa-saksi-iku-turso-arkitekture-cupboard-jenni-roininen-oak-space1.webp\" class=\"attachment- size-\" alt=\"\" srcset=\"https:\/\/nikari.fi\/wp-content\/uploads\/2024\/05\/nikari-gallery-fumi-kustaa-saksi-iku-turso-arkitekture-cupboard-jenni-roininen-oak-space1.webp 1371w, https:\/\/nikari.fi\/wp-content\/uploads\/2024\/05\/nikari-gallery-fumi-kustaa-saksi-iku-turso-arkitekture-cupboard-jenni-roininen-oak-space1-600x840.webp 600w, https:\/\/nikari.fi\/wp-content\/uploads\/2024\/05\/nikari-gallery-fumi-kustaa-saksi-iku-turso-arkitekture-cupboard-jenni-roininen-oak-space1-214x300.webp 214w, https:\/\/nikari.fi\/wp-content\/uploads\/2024\/05\/nikari-gallery-fumi-kustaa-saksi-iku-turso-arkitekture-cupboard-jenni-roininen-oak-space1-1024x1434.webp 1024w, https:\/\/nikari.fi\/wp-content\/uploads\/2024\/05\/nikari-gallery-fumi-kustaa-saksi-iku-turso-arkitekture-cupboard-jenni-roininen-oak-space1-768x1076.webp 768w, https:\/\/nikari.fi\/wp-content\/uploads\/2024\/05\/nikari-gallery-fumi-kustaa-saksi-iku-turso-arkitekture-cupboard-jenni-roininen-oak-space1-1097x1536.webp 1097w\" sizes=\"auto, (max-width: 1371px) 100vw, 1371px\" \/>\t\t\t\t\t\t\t\t\t\t\t<\/div>\n\t\t\t<\/a>\t\t<\/div>\n\n\t\t<div class=\"box-text text-center\" >\n\t\t\t<div class=\"box-text-inner\">\n\t\t\t\t\n<h5>Taide, kulttuuri, tapahtumat<\/h5>\n\t\t\t<\/div>\n\t\t<\/div>\n\t<\/div>\n\t\n\t\t<\/div>\n\t\t\t\t\t<\/div>\n\n\t\n<\/div>\n","protected":false},"excerpt":{"rendered":"","protected":false},"author":1,"featured_media":0,"parent":0,"menu_order":0,"comment_status":"closed","ping_status":"closed","template":"","meta":{"footnotes":""},"class_list":["post-15022","page","type-page","status-publish","hentry"],"yoast_head":"<!-- This site is optimized with the Yoast SEO plugin v27.3 - https:\/\/yoast.com\/product\/yoast-seo-wordpress\/ -->\n<title>Tiloja - Nikari<\/title>\n<meta name=\"robots\" content=\"index, follow, max-snippet:-1, max-image-preview:large, max-video-preview:-1\" \/>\n<link rel=\"canonical\" href=\"https:\/\/nikari.fi\/fi\/tiloja\/\" \/>\n<meta property=\"og:locale\" content=\"fi_FI\" \/>\n<meta property=\"og:type\" content=\"article\" \/>\n<meta property=\"og:title\" content=\"Tiloja - Nikari\" \/>\n<meta property=\"og:url\" content=\"https:\/\/nikari.fi\/fi\/tiloja\/\" \/>\n<meta property=\"og:site_name\" content=\"Nikari\" \/>\n<meta property=\"article:modified_time\" content=\"2024-05-31T06:52:40+00:00\" \/>\n<meta name=\"twitter:card\" content=\"summary_large_image\" \/>\n<meta name=\"twitter:label1\" content=\"Arvioitu lukuaika\" \/>\n\t<meta name=\"twitter:data1\" content=\"1 minuutti\" \/>\n<script type=\"application\/ld+json\" class=\"yoast-schema-graph\">{\"@context\":\"https:\\\/\\\/schema.org\",\"@graph\":[{\"@type\":\"WebPage\",\"@id\":\"https:\\\/\\\/nikari.fi\\\/fi\\\/tiloja\\\/\",\"url\":\"https:\\\/\\\/nikari.fi\\\/fi\\\/tiloja\\\/\",\"name\":\"Tiloja - Nikari\",\"isPartOf\":{\"@id\":\"https:\\\/\\\/nikari.fi\\\/fi\\\/#website\"},\"datePublished\":\"2024-04-11T06:47:11+00:00\",\"dateModified\":\"2024-05-31T06:52:40+00:00\",\"breadcrumb\":{\"@id\":\"https:\\\/\\\/nikari.fi\\\/fi\\\/tiloja\\\/#breadcrumb\"},\"inLanguage\":\"fi\",\"potentialAction\":[{\"@type\":\"ReadAction\",\"target\":[\"https:\\\/\\\/nikari.fi\\\/fi\\\/tiloja\\\/\"]}]},{\"@type\":\"BreadcrumbList\",\"@id\":\"https:\\\/\\\/nikari.fi\\\/fi\\\/tiloja\\\/#breadcrumb\",\"itemListElement\":[{\"@type\":\"ListItem\",\"position\":1,\"name\":\"Home\",\"item\":\"https:\\\/\\\/nikari.fi\\\/fi\\\/\"},{\"@type\":\"ListItem\",\"position\":2,\"name\":\"Tiloja\"}]},{\"@type\":\"WebSite\",\"@id\":\"https:\\\/\\\/nikari.fi\\\/fi\\\/#website\",\"url\":\"https:\\\/\\\/nikari.fi\\\/fi\\\/\",\"name\":\"Nikari\",\"description\":\"\",\"publisher\":{\"@id\":\"https:\\\/\\\/nikari.fi\\\/fi\\\/#organization\"},\"potentialAction\":[{\"@type\":\"SearchAction\",\"target\":{\"@type\":\"EntryPoint\",\"urlTemplate\":\"https:\\\/\\\/nikari.fi\\\/fi\\\/?s={search_term_string}\"},\"query-input\":{\"@type\":\"PropertyValueSpecification\",\"valueRequired\":true,\"valueName\":\"search_term_string\"}}],\"inLanguage\":\"fi\"},{\"@type\":\"Organization\",\"@id\":\"https:\\\/\\\/nikari.fi\\\/fi\\\/#organization\",\"name\":\"Nikari Oy\",\"url\":\"https:\\\/\\\/nikari.fi\\\/fi\\\/\",\"logo\":{\"@type\":\"ImageObject\",\"inLanguage\":\"fi\",\"@id\":\"https:\\\/\\\/nikari.fi\\\/fi\\\/#\\\/schema\\\/logo\\\/image\\\/\",\"url\":\"https:\\\/\\\/nikari.fi\\\/wp-content\\\/uploads\\\/2019\\\/01\\\/nikari-logo-1.png\",\"contentUrl\":\"https:\\\/\\\/nikari.fi\\\/wp-content\\\/uploads\\\/2019\\\/01\\\/nikari-logo-1.png\",\"width\":340,\"height\":60,\"caption\":\"Nikari Oy\"},\"image\":{\"@id\":\"https:\\\/\\\/nikari.fi\\\/fi\\\/#\\\/schema\\\/logo\\\/image\\\/\"}}]}<\/script>\n<!-- \/ Yoast SEO plugin. -->","yoast_head_json":{"title":"Tiloja - Nikari","robots":{"index":"index","follow":"follow","max-snippet":"max-snippet:-1","max-image-preview":"max-image-preview:large","max-video-preview":"max-video-preview:-1"},"canonical":"https:\/\/nikari.fi\/fi\/tiloja\/","og_locale":"fi_FI","og_type":"article","og_title":"Tiloja - Nikari","og_url":"https:\/\/nikari.fi\/fi\/tiloja\/","og_site_name":"Nikari","article_modified_time":"2024-05-31T06:52:40+00:00","twitter_card":"summary_large_image","twitter_misc":{"Arvioitu lukuaika":"1 minuutti"},"schema":{"@context":"https:\/\/schema.org","@graph":[{"@type":"WebPage","@id":"https:\/\/nikari.fi\/fi\/tiloja\/","url":"https:\/\/nikari.fi\/fi\/tiloja\/","name":"Tiloja - Nikari","isPartOf":{"@id":"https:\/\/nikari.fi\/fi\/#website"},"datePublished":"2024-04-11T06:47:11+00:00","dateModified":"2024-05-31T06:52:40+00:00","breadcrumb":{"@id":"https:\/\/nikari.fi\/fi\/tiloja\/#breadcrumb"},"inLanguage":"fi","potentialAction":[{"@type":"ReadAction","target":["https:\/\/nikari.fi\/fi\/tiloja\/"]}]},{"@type":"BreadcrumbList","@id":"https:\/\/nikari.fi\/fi\/tiloja\/#breadcrumb","itemListElement":[{"@type":"ListItem","position":1,"name":"Home","item":"https:\/\/nikari.fi\/fi\/"},{"@type":"ListItem","position":2,"name":"Tiloja"}]},{"@type":"WebSite","@id":"https:\/\/nikari.fi\/fi\/#website","url":"https:\/\/nikari.fi\/fi\/","name":"Nikari","description":"","publisher":{"@id":"https:\/\/nikari.fi\/fi\/#organization"},"potentialAction":[{"@type":"SearchAction","target":{"@type":"EntryPoint","urlTemplate":"https:\/\/nikari.fi\/fi\/?s={search_term_string}"},"query-input":{"@type":"PropertyValueSpecification","valueRequired":true,"valueName":"search_term_string"}}],"inLanguage":"fi"},{"@type":"Organization","@id":"https:\/\/nikari.fi\/fi\/#organization","name":"Nikari Oy","url":"https:\/\/nikari.fi\/fi\/","logo":{"@type":"ImageObject","inLanguage":"fi","@id":"https:\/\/nikari.fi\/fi\/#\/schema\/logo\/image\/","url":"https:\/\/nikari.fi\/wp-content\/uploads\/2019\/01\/nikari-logo-1.png","contentUrl":"https:\/\/nikari.fi\/wp-content\/uploads\/2019\/01\/nikari-logo-1.png","width":340,"height":60,"caption":"Nikari Oy"},"image":{"@id":"https:\/\/nikari.fi\/fi\/#\/schema\/logo\/image\/"}}]}},"_links":{"self":[{"href":"https:\/\/nikari.fi\/fi\/wp-json\/wp\/v2\/pages\/15022","targetHints":{"allow":["GET"]}}],"collection":[{"href":"https:\/\/nikari.fi\/fi\/wp-json\/wp\/v2\/pages"}],"about":[{"href":"https:\/\/nikari.fi\/fi\/wp-json\/wp\/v2\/types\/page"}],"author":[{"embeddable":true,"href":"https:\/\/nikari.fi\/fi\/wp-json\/wp\/v2\/users\/1"}],"replies":[{"embeddable":true,"href":"https:\/\/nikari.fi\/fi\/wp-json\/wp\/v2\/comments?post=15022"}],"version-history":[{"count":18,"href":"https:\/\/nikari.fi\/fi\/wp-json\/wp\/v2\/pages\/15022\/revisions"}],"predecessor-version":[{"id":15083,"href":"https:\/\/nikari.fi\/fi\/wp-json\/wp\/v2\/pages\/15022\/revisions\/15083"}],"wp:attachment":[{"href":"https:\/\/nikari.fi\/fi\/wp-json\/wp\/v2\/media?parent=15022"}],"curies":[{"name":"wp","href":"https:\/\/api.w.org\/{rel}","templated":true}]}}