{"id":15925,"date":"2024-10-04T05:47:38","date_gmt":"2024-10-04T02:47:38","guid":{"rendered":"https:\/\/nikari.fi\/tietoa-meista-new\/history\/"},"modified":"2025-09-29T15:06:31","modified_gmt":"2025-09-29T12:06:31","slug":"historia","status":"publish","type":"page","link":"https:\/\/nikari.fi\/fi\/tietoa-meista\/historia\/","title":{"rendered":"Historia"},"content":{"rendered":"<div class=\"row row-large\"  id=\"row-1597676470\">\n\n\t<div id=\"col-234255395\" class=\"col medium-6 small-12 large-6\"  >\n\t\t<div class=\"is-sticky-column\"><div class=\"is-sticky-column__inner\">\t\t<div class=\"col-inner\"  >\n\t\t\t\n\t\t\t\n<p><strong><span style=\"font-size: 110%;\">HISTORIA<\/span><\/strong><\/p>\n<p><em>Kaikki alkoi materiaalista ja rakkaudesta k\u00e4sin tekemiseen.<\/em><\/p>\n<p><strong>Pohjoinen alkuper\u00e4<\/strong><\/p>\n<p>Koko nuoren ik\u00e4ns\u00e4 mets\u00e4st\u00e4 ja puun ty\u00f6st\u00f6st\u00e4 kiinnostunut, Etel\u00e4-Pohjanmaalla varttunut <strong>Kari Virtanen<\/strong> perusti oman verstaansa 19-vuotiaana vuonna 1967. Siihen saakka Virtanen oli opetellut puusep\u00e4ntaitoja mestaripuusepilt\u00e4 ja edennyt urallaan mallipuusep\u00e4ksi. Yhden miehen puunsep\u00e4nverstaana alkanut Nikari asettui Nikkarinkoski Oy:n entisen puuty\u00f6tehtaan tiloihin Sein\u00e4joelle. Virtanen kasvoi ammatillisesti Nikarin samalla varttuessa projekti toisensa j\u00e4lkeen, joista ensimm\u00e4isten toimeksiantajina toimivat mm. arkkitehti <strong>Alvar Aalto<\/strong> ja muotoilija <strong>Kaj Franck<\/strong>.<\/p>\n<p><strong>Muutto Fiskarsiin<\/strong><\/p>\n<p>Liki kolme vuosikymment\u00e4 my\u00f6hemmin vuonna 1993 Nikari muutti Fiskarsiin, ruukkimilj\u00f6\u00f6seen, joka oli kiinnostanut Virtasta jo 1970-luvulta l\u00e4htien. Verstaan paikaksi valikoitui vuonna 1837 rakennettu konepaja, jonka vieress\u00e4 kiivaana virtaava Fiskarinjoen koski valjastettiin vuonna 2014 tuottamaan s\u00e4hk\u00f6\u00e4 Nikarin tuotantotoiminnan mahdollistamiseksi kest\u00e4v\u00e4n kehityksen periaatteita mukaillen. Alueen tunnetusti poikkeuksellisen monipuolinen ja vehre\u00e4 puusto ei ollut v\u00e4h\u00e4isin syy paikan valintaan. Liki verstasta sijaitseva saha mahdollisti jouhevan ty\u00f6skentelyn ja Nikarin erityisosaamiseksi jalostui moninaisten Pohjois-Euroopan alueella kasvavien puulajien ty\u00f6st\u00f6. Alueella voimakkaana n\u00e4kyv\u00e4t ja Nikarin my\u00f6t\u00e4 vahvistuneet merkit k\u00e4sity\u00f6l\u00e4isyydest\u00e4, taiteesta ja muotoilusta tekev\u00e4t paikasta yritykselle erityisen sopivan kodin.<\/p>\n<p><strong>Perinne jatkuu<\/strong><\/p>\n<p>Nikarin taidokkaiden puuseppien k\u00e4siss\u00e4 suomalainen puusto muokkautuu uusiin muotoihin tinkim\u00e4tt\u00f6m\u00e4ll\u00e4 ammattitaidolla, joka pohjaa puunk\u00e4sittelyn ikiaikaisiin perinteisiin samalla nykyaikaisia tekniikoita hy\u00f6dynt\u00e4en ja tulevaisuuteen katsoen. Kalusteessa n\u00e4kyy ihmisen kosketus ja sen muodossa ymm\u00e4rrys puusta el\u00e4v\u00e4n\u00e4 materiaalina. Nikarin kalusteet piirtyv\u00e4t puhtaan pohjoismaisina. Ne ovat mutkattomia, hiljaisen kauniita tilan rakennuspalikoita, joita valmistaessa on varmistettu kest\u00e4v\u00e4 kehitys ja korkealaatuisuus, joka takaa kalusteelle pitk\u00e4n el\u00e4m\u00e4n.<\/p>\n\t\t<\/div>\n\t\t<\/div><\/div>\t\t\t<\/div>\n\n\t\n\n\t<div id=\"col-854945534\" class=\"col medium-6 small-12 large-6\"  >\n\t\t\t\t<div class=\"col-inner text-left\"  >\n\t\t\t\n\t\t\t\n\t<div class=\"img has-hover x md-x lg-x y md-y lg-y\" id=\"image_1388809937\">\n\t\t\t\t\t\t\t\t<div class=\"img-inner dark\" >\n\t\t\t<img loading=\"lazy\" decoding=\"async\" width=\"600\" height=\"900\" src=\"https:\/\/nikari.fi\/wp-content\/uploads\/2020\/09\/history-post.jpg\" class=\"attachment-original size-original\" alt=\"\" srcset=\"https:\/\/nikari.fi\/wp-content\/uploads\/2020\/09\/history-post.jpg 600w, https:\/\/nikari.fi\/wp-content\/uploads\/2020\/09\/history-post-200x300.jpg 200w\" sizes=\"auto, (max-width: 600px) 100vw, 600px\" \/>\t\t\t\t\t\t\n\t\t\t\t\t<\/div>\n\t\t\t\t\t\t\t\t\n<style>\n#image_1388809937 {\n  width: 100%;\n}\n<\/style>\n\t<\/div>\n\t\n\t<div class=\"img has-hover x md-x lg-x y md-y lg-y\" id=\"image_502216814\">\n\t\t\t\t\t\t\t\t<div class=\"img-inner image-cover dark\" style=\"padding-top:56.25%;\">\n\t\t\t<img loading=\"lazy\" decoding=\"async\" width=\"1020\" height=\"672\" src=\"https:\/\/nikari.fi\/wp-content\/uploads\/2020\/10\/Kari-Virtanen-1-1024x675.jpg\" class=\"attachment-large size-large\" alt=\"\" srcset=\"https:\/\/nikari.fi\/wp-content\/uploads\/2020\/10\/Kari-Virtanen-1-1024x675.jpg 1024w, https:\/\/nikari.fi\/wp-content\/uploads\/2020\/10\/Kari-Virtanen-1-scaled-600x395.jpg 600w, https:\/\/nikari.fi\/wp-content\/uploads\/2020\/10\/Kari-Virtanen-1-300x198.jpg 300w, https:\/\/nikari.fi\/wp-content\/uploads\/2020\/10\/Kari-Virtanen-1-768x506.jpg 768w, https:\/\/nikari.fi\/wp-content\/uploads\/2020\/10\/Kari-Virtanen-1-1536x1012.jpg 1536w, https:\/\/nikari.fi\/wp-content\/uploads\/2020\/10\/Kari-Virtanen-1-2048x1349.jpg 2048w\" sizes=\"auto, (max-width: 1020px) 100vw, 1020px\" \/>\t\t\t\t\t\t\n\t\t\t\t\t<\/div>\n\t\t\t\t\t\t\t\t\n<style>\n#image_502216814 {\n  width: 100%;\n}\n<\/style>\n\t<\/div>\n\t\n\t\t<\/div>\n\t\t\t\t\t<\/div>\n\n\t\n<\/div>\n<div class=\"is-divider divider clearfix\" style=\"max-width:100%;height:1px;\"><\/div>\n<div class=\"row row-collapse\"  id=\"row-1047328158\">\n\n\t<div id=\"col-970813328\" class=\"col small-12 large-12\"  >\n\t\t\t\t<div class=\"col-inner\"  >\n\t\t\t\n\t\t\t\n<p><strong>Lue lis\u00e4\u00e4 historiastamme<\/strong><\/p>\n\t\t<\/div>\n\t\t\t\t\t<\/div>\n\n\t\n<\/div>\n<div class=\"row\"  id=\"row-248914845\">\n\n\t<div id=\"col-48111155\" class=\"col small-12 large-12\"  >\n\t\t\t\t<div class=\"col-inner\"  >\n\t\t\t\n\t\t\t\n\n  \n    <div class=\"row large-columns-3 medium-columns-2 small-columns-2\" >\n  <div class=\"col post-item\" >\n\t\t\t<div class=\"col-inner\">\n\t\t\t\t<div class=\"box box-normal box-text-bottom box-blog-post has-hover\">\n            \t\t\t\t\t<div class=\"box-image\" >\n  \t\t\t\t\t\t<div class=\"image-cover\" style=\"padding-top:150%;\">\n\t\t\t\t\t\t\t<a href=\"https:\/\/nikari.fi\/fi\/kari-virtanen-alvar-aalto\/\" class=\"plain\" aria-label=\"Kari Virtanen &#038; Alvar Aalto\">\n\t\t\t\t\t\t\t\t<img loading=\"lazy\" decoding=\"async\" width=\"900\" height=\"648\" src=\"https:\/\/nikari.fi\/wp-content\/uploads\/2020\/10\/Lakeuden-Risti.jpg\" class=\"attachment-original size-original wp-post-image\" alt=\"\" srcset=\"https:\/\/nikari.fi\/wp-content\/uploads\/2020\/10\/Lakeuden-Risti.jpg 900w, https:\/\/nikari.fi\/wp-content\/uploads\/2020\/10\/Lakeuden-Risti-600x432.jpg 600w, https:\/\/nikari.fi\/wp-content\/uploads\/2020\/10\/Lakeuden-Risti-300x216.jpg 300w, https:\/\/nikari.fi\/wp-content\/uploads\/2020\/10\/Lakeuden-Risti-768x553.jpg 768w\" sizes=\"auto, (max-width: 900px) 100vw, 900px\" \/>\t\t\t\t\t\t\t<\/a>\n  \t\t\t\t\t\t\t  \t\t\t\t\t\t\t  \t\t\t\t\t\t<\/div>\n  \t\t\t\t\t\t  \t\t\t\t\t<\/div>\n          \t\t\t\t\t<div class=\"box-text text-center\" >\n\t\t\t\t\t<div class=\"box-text-inner blog-post-inner\">\n\n\t\t\t\t\t\n\t\t\t\t\t\t\t\t\t\t<h5 class=\"post-title is-large \">\n\t\t\t\t\t\t<a href=\"https:\/\/nikari.fi\/fi\/kari-virtanen-alvar-aalto\/\" class=\"plain\">Kari Virtanen &#038; Alvar Aalto<\/a>\n\t\t\t\t\t<\/h5>\n\t\t\t\t\t<div class=\"post-meta is-small op-8\">27.10.2020<\/div>\t\t\t\t\t<div class=\"is-divider\"><\/div>\n\t\t\t\t\t\t\t\t\t\t<p class=\"from_the_blog_excerpt \">\n\t\t\t\t\t\t\t\t\t\t\t<\/p>\n\t\t\t\t\t                    \n\t\t\t\t\t\n\t\t\t\t\t\n\t\t\t\t\t<\/div>\n\t\t\t\t\t<\/div>\n\t\t\t\t\t\t\t\t\t<\/div>\n\t\t\t<\/div>\n\t\t<\/div><div class=\"col post-item\" >\n\t\t\t<div class=\"col-inner\">\n\t\t\t\t<div class=\"box box-normal box-text-bottom box-blog-post has-hover\">\n            \t\t\t\t\t<div class=\"box-image\" >\n  \t\t\t\t\t\t<div class=\"image-cover\" style=\"padding-top:150%;\">\n\t\t\t\t\t\t\t<a href=\"https:\/\/nikari.fi\/fi\/ennen-kaikkea-puuseppa\/\" class=\"plain\" aria-label=\"Ennen kaikkea puusepp\u00e4\">\n\t\t\t\t\t\t\t\t<img loading=\"lazy\" decoding=\"async\" width=\"1000\" height=\"1236\" src=\"https:\/\/nikari.fi\/wp-content\/uploads\/2022\/04\/nikari-kari-virtanen-1.jpg\" class=\"attachment-original size-original wp-post-image\" alt=\"\" srcset=\"https:\/\/nikari.fi\/wp-content\/uploads\/2022\/04\/nikari-kari-virtanen-1.jpg 1000w, https:\/\/nikari.fi\/wp-content\/uploads\/2022\/04\/nikari-kari-virtanen-1-600x742.jpg 600w, https:\/\/nikari.fi\/wp-content\/uploads\/2022\/04\/nikari-kari-virtanen-1-243x300.jpg 243w, https:\/\/nikari.fi\/wp-content\/uploads\/2022\/04\/nikari-kari-virtanen-1-768x949.jpg 768w\" sizes=\"auto, (max-width: 1000px) 100vw, 1000px\" \/>\t\t\t\t\t\t\t<\/a>\n  \t\t\t\t\t\t\t  \t\t\t\t\t\t\t  \t\t\t\t\t\t<\/div>\n  \t\t\t\t\t\t  \t\t\t\t\t<\/div>\n          \t\t\t\t\t<div class=\"box-text text-center\" >\n\t\t\t\t\t<div class=\"box-text-inner blog-post-inner\">\n\n\t\t\t\t\t\n\t\t\t\t\t\t\t\t\t\t<h5 class=\"post-title is-large \">\n\t\t\t\t\t\t<a href=\"https:\/\/nikari.fi\/fi\/ennen-kaikkea-puuseppa\/\" class=\"plain\">Ennen kaikkea puusepp\u00e4<\/a>\n\t\t\t\t\t<\/h5>\n\t\t\t\t\t<div class=\"post-meta is-small op-8\">25.4.2022<\/div>\t\t\t\t\t<div class=\"is-divider\"><\/div>\n\t\t\t\t\t\t\t\t\t\t<p class=\"from_the_blog_excerpt \">\n\t\t\t\t\t\t\t\t\t\t\t<\/p>\n\t\t\t\t\t                    \n\t\t\t\t\t\n\t\t\t\t\t\n\t\t\t\t\t<\/div>\n\t\t\t\t\t<\/div>\n\t\t\t\t\t\t\t\t\t<\/div>\n\t\t\t<\/div>\n\t\t<\/div><div class=\"col post-item\" >\n\t\t\t<div class=\"col-inner\">\n\t\t\t\t<div class=\"box box-normal box-text-bottom box-blog-post has-hover\">\n            \t\t\t\t\t<div class=\"box-image\" >\n  \t\t\t\t\t\t<div class=\"image-cover\" style=\"padding-top:150%;\">\n\t\t\t\t\t\t\t<a href=\"https:\/\/nikari.fi\/fi\/yhdessa-luonnollisesti\/\" class=\"plain\" aria-label=\"Yhdess\u00e4, luonnollisesti\">\n\t\t\t\t\t\t\t\t<img loading=\"lazy\" decoding=\"async\" width=\"600\" height=\"900\" src=\"https:\/\/nikari.fi\/wp-content\/uploads\/2020\/09\/nikari-woodnotes.jpg\" class=\"attachment-original size-original wp-post-image\" alt=\"\" srcset=\"https:\/\/nikari.fi\/wp-content\/uploads\/2020\/09\/nikari-woodnotes.jpg 600w, https:\/\/nikari.fi\/wp-content\/uploads\/2020\/09\/nikari-woodnotes-200x300.jpg 200w\" sizes=\"auto, (max-width: 600px) 100vw, 600px\" \/>\t\t\t\t\t\t\t<\/a>\n  \t\t\t\t\t\t\t  \t\t\t\t\t\t\t  \t\t\t\t\t\t<\/div>\n  \t\t\t\t\t\t  \t\t\t\t\t<\/div>\n          \t\t\t\t\t<div class=\"box-text text-center\" >\n\t\t\t\t\t<div class=\"box-text-inner blog-post-inner\">\n\n\t\t\t\t\t\n\t\t\t\t\t\t\t\t\t\t<h5 class=\"post-title is-large \">\n\t\t\t\t\t\t<a href=\"https:\/\/nikari.fi\/fi\/yhdessa-luonnollisesti\/\" class=\"plain\">Yhdess\u00e4, luonnollisesti<\/a>\n\t\t\t\t\t<\/h5>\n\t\t\t\t\t<div class=\"post-meta is-small op-8\">23.9.2020<\/div>\t\t\t\t\t<div class=\"is-divider\"><\/div>\n\t\t\t\t\t\t\t\t\t\t<p class=\"from_the_blog_excerpt \">\n\t\t\t\t\t\t\t\t\t\t\t<\/p>\n\t\t\t\t\t                    \n\t\t\t\t\t\n\t\t\t\t\t\n\t\t\t\t\t<\/div>\n\t\t\t\t\t<\/div>\n\t\t\t\t\t\t\t\t\t<\/div>\n\t\t\t<\/div>\n\t\t<\/div><\/div>\n\t\t<\/div>\n\t\t\t\t\t<\/div>\n\n\t\n<\/div>\n<div class=\"is-divider divider clearfix\" style=\"max-width:100%;height:1px;\"><\/div>\n\t<div id=\"gap-1901993236\" class=\"gap-element clearfix\" style=\"display:block; height:auto;\">\n\t\t\n<style>\n#gap-1901993236 {\n  padding-top: 30px;\n}\n<\/style>\n\t<\/div>\n\t\n<div class=\"row\"  id=\"row-1110988806\">\n\n\t<div id=\"col-648693151\" class=\"col small-12 large-12\"  >\n\t\t\t\t<div class=\"col-inner\"  >\n\t\t\t\n\t\t\t\n<p><video width=\"100%\" height=\"100%\" controls><source src=\"https:\/\/nikari.fi\/wp-content\/uploads\/2025\/09\/NIKARI-SHOWROOM-FILM-WEB.mp4\" type=\"video\/mp4\">Your browser does not support the video tag.<\/video><\/p>\n\t\t<\/div>\n\t\t\t\t\t<\/div>\n\n\t\n<\/div>\n\t<div id=\"gap-505034002\" class=\"gap-element clearfix\" style=\"display:block; height:auto;\">\n\t\t\n<style>\n#gap-505034002 {\n  padding-top: 30px;\n}\n<\/style>\n\t<\/div>\n\t\n<div class=\"row row-large\"  id=\"row-1558993362\">\n\n\t<div id=\"col-1570524892\" class=\"col small-12 large-12\"  >\n\t\t\t\t<div class=\"col-inner\"  >\n\t\t\t\n\t\t\t\n<div class=\"social-icons share-icons share-row relative full-width text-center icon-style-outline\" ><a href=\"https:\/\/www.facebook.com\/sharer.php?u=https:\/\/nikari.fi\/fi\/yhdessa-luonnollisesti\/\" data-label=\"Facebook\" onclick=\"window.open(this.href,this.title,'width=500,height=500,top=300px,left=300px'); return false;\" target=\"_blank\" class=\"icon button circle is-outline tooltip facebook\" title=\"Share on Facebook\" aria-label=\"Share on Facebook\" rel=\"noopener nofollow\"><i class=\"icon-facebook\" aria-hidden=\"true\"><\/i><\/a><a href=\"https:\/\/twitter.com\/share?url=https:\/\/nikari.fi\/fi\/yhdessa-luonnollisesti\/\" onclick=\"window.open(this.href,this.title,'width=500,height=500,top=300px,left=300px'); return false;\" target=\"_blank\" class=\"icon button circle is-outline tooltip twitter\" title=\"Share on Twitter\" aria-label=\"Share on Twitter\" rel=\"noopener nofollow\"><i class=\"icon-twitter\" aria-hidden=\"true\"><\/i><\/a><a href=\"mailto:?subject=Yhdess%C3%A4%2C%20luonnollisesti&body=Check%20this%20out%3A%20https%3A%2F%2Fnikari.fi%2Ffi%2Fyhdessa-luonnollisesti%2F\" class=\"icon button circle is-outline tooltip email\" title=\"Email to a Friend\" aria-label=\"Email to a Friend\" rel=\"nofollow\"><i class=\"icon-envelop\" aria-hidden=\"true\"><\/i><\/a><\/div>\n\t\t<\/div>\n\t\t\t\t\t<\/div>\n\n\t\n<\/div>\n","protected":false},"excerpt":{"rendered":"","protected":false},"author":1,"featured_media":0,"parent":15911,"menu_order":0,"comment_status":"closed","ping_status":"closed","template":"","meta":{"footnotes":""},"class_list":["post-15925","page","type-page","status-publish","hentry"],"yoast_head":"<!-- This site is optimized with the Yoast SEO plugin v27.3 - https:\/\/yoast.com\/product\/yoast-seo-wordpress\/ -->\n<title>Historia - Nikari<\/title>\n<meta name=\"robots\" content=\"index, follow, max-snippet:-1, max-image-preview:large, max-video-preview:-1\" \/>\n<link rel=\"canonical\" href=\"https:\/\/nikari.fi\/fi\/tietoa-meista\/historia\/\" \/>\n<meta property=\"og:locale\" content=\"fi_FI\" \/>\n<meta property=\"og:type\" content=\"article\" \/>\n<meta property=\"og:title\" content=\"Historia - Nikari\" \/>\n<meta property=\"og:url\" content=\"https:\/\/nikari.fi\/fi\/tietoa-meista\/historia\/\" \/>\n<meta property=\"og:site_name\" content=\"Nikari\" \/>\n<meta property=\"article:modified_time\" content=\"2025-09-29T12:06:31+00:00\" \/>\n<meta name=\"twitter:card\" content=\"summary_large_image\" \/>\n<meta name=\"twitter:label1\" content=\"Arvioitu lukuaika\" \/>\n\t<meta name=\"twitter:data1\" content=\"2 minuuttia\" \/>\n<script type=\"application\/ld+json\" class=\"yoast-schema-graph\">{\"@context\":\"https:\\\/\\\/schema.org\",\"@graph\":[{\"@type\":\"WebPage\",\"@id\":\"https:\\\/\\\/nikari.fi\\\/fi\\\/tietoa-meista\\\/historia\\\/\",\"url\":\"https:\\\/\\\/nikari.fi\\\/fi\\\/tietoa-meista\\\/historia\\\/\",\"name\":\"Historia - Nikari\",\"isPartOf\":{\"@id\":\"https:\\\/\\\/nikari.fi\\\/fi\\\/#website\"},\"datePublished\":\"2024-10-04T02:47:38+00:00\",\"dateModified\":\"2025-09-29T12:06:31+00:00\",\"breadcrumb\":{\"@id\":\"https:\\\/\\\/nikari.fi\\\/fi\\\/tietoa-meista\\\/historia\\\/#breadcrumb\"},\"inLanguage\":\"fi\",\"potentialAction\":[{\"@type\":\"ReadAction\",\"target\":[\"https:\\\/\\\/nikari.fi\\\/fi\\\/tietoa-meista\\\/historia\\\/\"]}]},{\"@type\":\"BreadcrumbList\",\"@id\":\"https:\\\/\\\/nikari.fi\\\/fi\\\/tietoa-meista\\\/historia\\\/#breadcrumb\",\"itemListElement\":[{\"@type\":\"ListItem\",\"position\":1,\"name\":\"Home\",\"item\":\"https:\\\/\\\/nikari.fi\\\/fi\\\/\"},{\"@type\":\"ListItem\",\"position\":2,\"name\":\"Tietoa Meista\",\"item\":\"https:\\\/\\\/nikari.fi\\\/fi\\\/tietoa-meista\\\/\"},{\"@type\":\"ListItem\",\"position\":3,\"name\":\"Historia\"}]},{\"@type\":\"WebSite\",\"@id\":\"https:\\\/\\\/nikari.fi\\\/fi\\\/#website\",\"url\":\"https:\\\/\\\/nikari.fi\\\/fi\\\/\",\"name\":\"Nikari\",\"description\":\"\",\"publisher\":{\"@id\":\"https:\\\/\\\/nikari.fi\\\/fi\\\/#organization\"},\"potentialAction\":[{\"@type\":\"SearchAction\",\"target\":{\"@type\":\"EntryPoint\",\"urlTemplate\":\"https:\\\/\\\/nikari.fi\\\/fi\\\/?s={search_term_string}\"},\"query-input\":{\"@type\":\"PropertyValueSpecification\",\"valueRequired\":true,\"valueName\":\"search_term_string\"}}],\"inLanguage\":\"fi\"},{\"@type\":\"Organization\",\"@id\":\"https:\\\/\\\/nikari.fi\\\/fi\\\/#organization\",\"name\":\"Nikari Oy\",\"url\":\"https:\\\/\\\/nikari.fi\\\/fi\\\/\",\"logo\":{\"@type\":\"ImageObject\",\"inLanguage\":\"fi\",\"@id\":\"https:\\\/\\\/nikari.fi\\\/fi\\\/#\\\/schema\\\/logo\\\/image\\\/\",\"url\":\"https:\\\/\\\/nikari.fi\\\/wp-content\\\/uploads\\\/2019\\\/01\\\/nikari-logo-1.png\",\"contentUrl\":\"https:\\\/\\\/nikari.fi\\\/wp-content\\\/uploads\\\/2019\\\/01\\\/nikari-logo-1.png\",\"width\":340,\"height\":60,\"caption\":\"Nikari Oy\"},\"image\":{\"@id\":\"https:\\\/\\\/nikari.fi\\\/fi\\\/#\\\/schema\\\/logo\\\/image\\\/\"}}]}<\/script>\n<!-- \/ Yoast SEO plugin. -->","yoast_head_json":{"title":"Historia - Nikari","robots":{"index":"index","follow":"follow","max-snippet":"max-snippet:-1","max-image-preview":"max-image-preview:large","max-video-preview":"max-video-preview:-1"},"canonical":"https:\/\/nikari.fi\/fi\/tietoa-meista\/historia\/","og_locale":"fi_FI","og_type":"article","og_title":"Historia - Nikari","og_url":"https:\/\/nikari.fi\/fi\/tietoa-meista\/historia\/","og_site_name":"Nikari","article_modified_time":"2025-09-29T12:06:31+00:00","twitter_card":"summary_large_image","twitter_misc":{"Arvioitu lukuaika":"2 minuuttia"},"schema":{"@context":"https:\/\/schema.org","@graph":[{"@type":"WebPage","@id":"https:\/\/nikari.fi\/fi\/tietoa-meista\/historia\/","url":"https:\/\/nikari.fi\/fi\/tietoa-meista\/historia\/","name":"Historia - Nikari","isPartOf":{"@id":"https:\/\/nikari.fi\/fi\/#website"},"datePublished":"2024-10-04T02:47:38+00:00","dateModified":"2025-09-29T12:06:31+00:00","breadcrumb":{"@id":"https:\/\/nikari.fi\/fi\/tietoa-meista\/historia\/#breadcrumb"},"inLanguage":"fi","potentialAction":[{"@type":"ReadAction","target":["https:\/\/nikari.fi\/fi\/tietoa-meista\/historia\/"]}]},{"@type":"BreadcrumbList","@id":"https:\/\/nikari.fi\/fi\/tietoa-meista\/historia\/#breadcrumb","itemListElement":[{"@type":"ListItem","position":1,"name":"Home","item":"https:\/\/nikari.fi\/fi\/"},{"@type":"ListItem","position":2,"name":"Tietoa Meista","item":"https:\/\/nikari.fi\/fi\/tietoa-meista\/"},{"@type":"ListItem","position":3,"name":"Historia"}]},{"@type":"WebSite","@id":"https:\/\/nikari.fi\/fi\/#website","url":"https:\/\/nikari.fi\/fi\/","name":"Nikari","description":"","publisher":{"@id":"https:\/\/nikari.fi\/fi\/#organization"},"potentialAction":[{"@type":"SearchAction","target":{"@type":"EntryPoint","urlTemplate":"https:\/\/nikari.fi\/fi\/?s={search_term_string}"},"query-input":{"@type":"PropertyValueSpecification","valueRequired":true,"valueName":"search_term_string"}}],"inLanguage":"fi"},{"@type":"Organization","@id":"https:\/\/nikari.fi\/fi\/#organization","name":"Nikari Oy","url":"https:\/\/nikari.fi\/fi\/","logo":{"@type":"ImageObject","inLanguage":"fi","@id":"https:\/\/nikari.fi\/fi\/#\/schema\/logo\/image\/","url":"https:\/\/nikari.fi\/wp-content\/uploads\/2019\/01\/nikari-logo-1.png","contentUrl":"https:\/\/nikari.fi\/wp-content\/uploads\/2019\/01\/nikari-logo-1.png","width":340,"height":60,"caption":"Nikari Oy"},"image":{"@id":"https:\/\/nikari.fi\/fi\/#\/schema\/logo\/image\/"}}]}},"_links":{"self":[{"href":"https:\/\/nikari.fi\/fi\/wp-json\/wp\/v2\/pages\/15925","targetHints":{"allow":["GET"]}}],"collection":[{"href":"https:\/\/nikari.fi\/fi\/wp-json\/wp\/v2\/pages"}],"about":[{"href":"https:\/\/nikari.fi\/fi\/wp-json\/wp\/v2\/types\/page"}],"author":[{"embeddable":true,"href":"https:\/\/nikari.fi\/fi\/wp-json\/wp\/v2\/users\/1"}],"replies":[{"embeddable":true,"href":"https:\/\/nikari.fi\/fi\/wp-json\/wp\/v2\/comments?post=15925"}],"version-history":[{"count":9,"href":"https:\/\/nikari.fi\/fi\/wp-json\/wp\/v2\/pages\/15925\/revisions"}],"predecessor-version":[{"id":17998,"href":"https:\/\/nikari.fi\/fi\/wp-json\/wp\/v2\/pages\/15925\/revisions\/17998"}],"up":[{"embeddable":true,"href":"https:\/\/nikari.fi\/fi\/wp-json\/wp\/v2\/pages\/15911"}],"wp:attachment":[{"href":"https:\/\/nikari.fi\/fi\/wp-json\/wp\/v2\/media?parent=15925"}],"curies":[{"name":"wp","href":"https:\/\/api.w.org\/{rel}","templated":true}]}}