{"id":16852,"date":"2025-04-01T08:35:35","date_gmt":"2025-04-01T05:35:35","guid":{"rendered":"https:\/\/nikari.fi\/cafe\/"},"modified":"2025-04-07T04:40:30","modified_gmt":"2025-04-07T01:40:30","slug":"cafe","status":"publish","type":"page","link":"https:\/\/nikari.fi\/fi\/cafe\/","title":{"rendered":"Caf\u00e9"},"content":{"rendered":"\t<div id=\"gap-1681409163\" class=\"gap-element clearfix\" style=\"display:block; height:auto;\">\n\t\t\n<style>\n#gap-1681409163 {\n  padding-top: 30px;\n}\n<\/style>\n\t<\/div>\n\t\n<div id=\"portfolio-298066878\" class=\"portfolio-element-wrapper has-filtering\">\n  \n    <div class=\"row large-columns-4 medium-columns-3 small-columns-2 row-large\" >\n    <div class=\"col\" data-terms=\"[&quot;CAF\u00c9 COLLECTION&quot;,&quot;TABLES&quot;]\" >\n          <div class=\"col-inner\" >\n          <a href=\"https:\/\/nikari.fi\/fi\/products\/cafe-collection-fi,tables-fi\/basic\/\" class=\"plain \">\n          <div class=\"portfolio-box box has-hover box-default\">\n            <div class=\"box-image\" >\n                <div class=\"image-cover\" style=\"padding-top:90%;\">\n                <img loading=\"lazy\" decoding=\"async\" width=\"1735\" height=\"1139\" src=\"https:\/\/nikari.fi\/wp-content\/uploads\/2020\/03\/Basic-Oval_s.jpg\" class=\"attachment-original size-original\" alt=\"\" srcset=\"https:\/\/nikari.fi\/wp-content\/uploads\/2020\/03\/Basic-Oval_s.jpg 1735w, https:\/\/nikari.fi\/wp-content\/uploads\/2020\/03\/Basic-Oval_s-600x394.jpg 600w, https:\/\/nikari.fi\/wp-content\/uploads\/2020\/03\/Basic-Oval_s-300x197.jpg 300w, https:\/\/nikari.fi\/wp-content\/uploads\/2020\/03\/Basic-Oval_s-1024x672.jpg 1024w, https:\/\/nikari.fi\/wp-content\/uploads\/2020\/03\/Basic-Oval_s-768x504.jpg 768w, https:\/\/nikari.fi\/wp-content\/uploads\/2020\/03\/Basic-Oval_s-1536x1008.jpg 1536w\" sizes=\"auto, (max-width: 1735px) 100vw, 1735px\" \/>                                                <\/div>\n            <\/div>\n            <div class=\"box-text text-center is-large\" >\n                  <div class=\"box-text-inner\">\n                      <h6 class=\"uppercase portfolio-box-title\">BASIC<\/h6>\n                      <p class=\"uppercase portfolio-box-category is-xsmall op-6\">\n                        <span class=\"show-on-hover\">\n                         CAF\u00c9 COLLECTION, TABLES                        <\/span>\n                      <\/p>\n                  <\/div>\n            <\/div>\n           <\/div>\n           <\/a>\n           <\/div>\n           <\/div><div class=\"col\" data-terms=\"[&quot;CAF\u00c9 COLLECTION&quot;,&quot;TABLES&quot;]\" >\n          <div class=\"col-inner\" >\n          <a href=\"https:\/\/nikari.fi\/fi\/products\/cafe-collection-fi,tables-fi\/basic-jatkettava-ovaali-poyta\/\" class=\"plain \">\n          <div class=\"portfolio-box box has-hover box-default\">\n            <div class=\"box-image\" >\n                <div class=\"image-cover\" style=\"padding-top:90%;\">\n                <img loading=\"lazy\" decoding=\"async\" width=\"1920\" height=\"1278\" src=\"https:\/\/nikari.fi\/wp-content\/uploads\/2024\/09\/BASIC-EXTENDABLE-BASOEX-O-210-90-oak-wood-oil-mix-side1.webp\" class=\"attachment-original size-original\" alt=\"\" srcset=\"https:\/\/nikari.fi\/wp-content\/uploads\/2024\/09\/BASIC-EXTENDABLE-BASOEX-O-210-90-oak-wood-oil-mix-side1.webp 1920w, https:\/\/nikari.fi\/wp-content\/uploads\/2024\/09\/BASIC-EXTENDABLE-BASOEX-O-210-90-oak-wood-oil-mix-side1-600x399.webp 600w, https:\/\/nikari.fi\/wp-content\/uploads\/2024\/09\/BASIC-EXTENDABLE-BASOEX-O-210-90-oak-wood-oil-mix-side1-300x200.webp 300w, https:\/\/nikari.fi\/wp-content\/uploads\/2024\/09\/BASIC-EXTENDABLE-BASOEX-O-210-90-oak-wood-oil-mix-side1-1024x682.webp 1024w, https:\/\/nikari.fi\/wp-content\/uploads\/2024\/09\/BASIC-EXTENDABLE-BASOEX-O-210-90-oak-wood-oil-mix-side1-768x511.webp 768w, https:\/\/nikari.fi\/wp-content\/uploads\/2024\/09\/BASIC-EXTENDABLE-BASOEX-O-210-90-oak-wood-oil-mix-side1-1536x1022.webp 1536w\" sizes=\"auto, (max-width: 1920px) 100vw, 1920px\" \/>                                                <\/div>\n            <\/div>\n            <div class=\"box-text text-center is-large\" >\n                  <div class=\"box-text-inner\">\n                      <h6 class=\"uppercase portfolio-box-title\">BASIC JATKETTAVA OVAALI P\u00d6YT\u00c4<\/h6>\n                      <p class=\"uppercase portfolio-box-category is-xsmall op-6\">\n                        <span class=\"show-on-hover\">\n                         CAF\u00c9 COLLECTION, TABLES                        <\/span>\n                      <\/p>\n                  <\/div>\n            <\/div>\n           <\/div>\n           <\/a>\n           <\/div>\n           <\/div><div class=\"col\" data-terms=\"[&quot;CAF\u00c9 COLLECTION&quot;,&quot;TABLES&quot;]\" >\n          <div class=\"col-inner\" >\n          <a href=\"https:\/\/nikari.fi\/fi\/products\/cafe-collection-fi,tables-fi\/basic-jatkettava-suorakaide-poyta\/\" class=\"plain \">\n          <div class=\"portfolio-box box has-hover box-default\">\n            <div class=\"box-image\" >\n                <div class=\"image-cover\" style=\"padding-top:90%;\">\n                <img loading=\"lazy\" decoding=\"async\" width=\"1920\" height=\"1149\" src=\"https:\/\/nikari.fi\/wp-content\/uploads\/2024\/09\/BASIC-EXTENDABLE-BASSEX-O-210-90-oak-wood-oil-mix-side1.webp\" class=\"attachment-original size-original\" alt=\"\" srcset=\"https:\/\/nikari.fi\/wp-content\/uploads\/2024\/09\/BASIC-EXTENDABLE-BASSEX-O-210-90-oak-wood-oil-mix-side1.webp 1920w, https:\/\/nikari.fi\/wp-content\/uploads\/2024\/09\/BASIC-EXTENDABLE-BASSEX-O-210-90-oak-wood-oil-mix-side1-600x359.webp 600w, https:\/\/nikari.fi\/wp-content\/uploads\/2024\/09\/BASIC-EXTENDABLE-BASSEX-O-210-90-oak-wood-oil-mix-side1-300x180.webp 300w, https:\/\/nikari.fi\/wp-content\/uploads\/2024\/09\/BASIC-EXTENDABLE-BASSEX-O-210-90-oak-wood-oil-mix-side1-1024x613.webp 1024w, https:\/\/nikari.fi\/wp-content\/uploads\/2024\/09\/BASIC-EXTENDABLE-BASSEX-O-210-90-oak-wood-oil-mix-side1-768x460.webp 768w, https:\/\/nikari.fi\/wp-content\/uploads\/2024\/09\/BASIC-EXTENDABLE-BASSEX-O-210-90-oak-wood-oil-mix-side1-1536x919.webp 1536w\" sizes=\"auto, (max-width: 1920px) 100vw, 1920px\" \/>                                                <\/div>\n            <\/div>\n            <div class=\"box-text text-center is-large\" >\n                  <div class=\"box-text-inner\">\n                      <h6 class=\"uppercase portfolio-box-title\">BASIC JATKETTAVA SUORAKAIDE P\u00d6YT\u00c4<\/h6>\n                      <p class=\"uppercase portfolio-box-category is-xsmall op-6\">\n                        <span class=\"show-on-hover\">\n                         CAF\u00c9 COLLECTION, TABLES                        <\/span>\n                      <\/p>\n                  <\/div>\n            <\/div>\n           <\/div>\n           <\/a>\n           <\/div>\n           <\/div><div class=\"col\" data-terms=\"[&quot;CAF\u00c9 COLLECTION&quot;,&quot;STOOLS &amp; BENCHES&quot;]\" >\n          <div class=\"col-inner\" >\n          <a href=\"https:\/\/nikari.fi\/fi\/products\/cafe-collection-fi,stools-and-benches-fi\/cafe-classic-rmj1-2-3\/\" class=\"plain \">\n          <div class=\"portfolio-box box has-hover box-default\">\n            <div class=\"box-image\" >\n                <div class=\"image-cover\" style=\"padding-top:90%;\">\n                <img loading=\"lazy\" decoding=\"async\" width=\"742\" height=\"900\" src=\"https:\/\/nikari.fi\/wp-content\/uploads\/2019\/04\/RMJ_feat.jpg\" class=\"attachment-original size-original\" alt=\"\" srcset=\"https:\/\/nikari.fi\/wp-content\/uploads\/2019\/04\/RMJ_feat.jpg 742w, https:\/\/nikari.fi\/wp-content\/uploads\/2019\/04\/RMJ_feat-600x728.jpg 600w, https:\/\/nikari.fi\/wp-content\/uploads\/2019\/04\/RMJ_feat-247x300.jpg 247w\" sizes=\"auto, (max-width: 742px) 100vw, 742px\" \/>                                                <\/div>\n            <\/div>\n            <div class=\"box-text text-center is-large\" >\n                  <div class=\"box-text-inner\">\n                      <h6 class=\"uppercase portfolio-box-title\">CLASSIC RMJ<\/h6>\n                      <p class=\"uppercase portfolio-box-category is-xsmall op-6\">\n                        <span class=\"show-on-hover\">\n                         CAF\u00c9 COLLECTION, STOOLS &amp; BENCHES                        <\/span>\n                      <\/p>\n                  <\/div>\n            <\/div>\n           <\/div>\n           <\/a>\n           <\/div>\n           <\/div><div class=\"col\" data-terms=\"[&quot;CAF\u00c9 COLLECTION&quot;,&quot;CHAIRS&quot;]\" >\n          <div class=\"col-inner\" >\n          <a href=\"https:\/\/nikari.fi\/fi\/products\/cafe-collection-fi,chairs-fi\/faneeri-taittotuoli\/\" class=\"plain \">\n          <div class=\"portfolio-box box has-hover box-default\">\n            <div class=\"box-image\" >\n                <div class=\"image-cover\" style=\"padding-top:90%;\">\n                <img loading=\"lazy\" decoding=\"async\" width=\"1536\" height=\"1920\" src=\"https:\/\/nikari.fi\/wp-content\/uploads\/2024\/04\/Nikari-Faneeri-Jonas-Forsman-front1.webp\" class=\"attachment-original size-original\" alt=\"\" srcset=\"https:\/\/nikari.fi\/wp-content\/uploads\/2024\/04\/Nikari-Faneeri-Jonas-Forsman-front1.webp 1536w, https:\/\/nikari.fi\/wp-content\/uploads\/2024\/04\/Nikari-Faneeri-Jonas-Forsman-front1-600x750.webp 600w, https:\/\/nikari.fi\/wp-content\/uploads\/2024\/04\/Nikari-Faneeri-Jonas-Forsman-front1-240x300.webp 240w, https:\/\/nikari.fi\/wp-content\/uploads\/2024\/04\/Nikari-Faneeri-Jonas-Forsman-front1-1024x1280.webp 1024w, https:\/\/nikari.fi\/wp-content\/uploads\/2024\/04\/Nikari-Faneeri-Jonas-Forsman-front1-768x960.webp 768w, https:\/\/nikari.fi\/wp-content\/uploads\/2024\/04\/Nikari-Faneeri-Jonas-Forsman-front1-1229x1536.webp 1229w\" sizes=\"auto, (max-width: 1536px) 100vw, 1536px\" \/>                                                <\/div>\n            <\/div>\n            <div class=\"box-text text-center is-large\" >\n                  <div class=\"box-text-inner\">\n                      <h6 class=\"uppercase portfolio-box-title\">Faneeri Taittotuoli<\/h6>\n                      <p class=\"uppercase portfolio-box-category is-xsmall op-6\">\n                        <span class=\"show-on-hover\">\n                         CAF\u00c9 COLLECTION, CHAIRS                        <\/span>\n                      <\/p>\n                  <\/div>\n            <\/div>\n           <\/div>\n           <\/a>\n           <\/div>\n           <\/div><div class=\"col\" data-terms=\"[&quot;CAF\u00c9 COLLECTION&quot;,&quot;TABLES&quot;]\" >\n          <div class=\"col-inner\" >\n          <a href=\"https:\/\/nikari.fi\/fi\/products\/cafe-collection-fi,tables-fi\/skandipoyta\/\" class=\"plain \">\n          <div class=\"portfolio-box box has-hover box-default\">\n            <div class=\"box-image\" >\n                <div class=\"image-cover\" style=\"padding-top:90%;\">\n                <img loading=\"lazy\" decoding=\"async\" width=\"1000\" height=\"1000\" src=\"https:\/\/nikari.fi\/wp-content\/uploads\/2019\/04\/Skandi-table_square_oak_1-thump-nail1.jpg\" class=\"attachment-original size-original\" alt=\"\" srcset=\"https:\/\/nikari.fi\/wp-content\/uploads\/2019\/04\/Skandi-table_square_oak_1-thump-nail1.jpg 1000w, https:\/\/nikari.fi\/wp-content\/uploads\/2019\/04\/Skandi-table_square_oak_1-thump-nail1-300x300.jpg 300w, https:\/\/nikari.fi\/wp-content\/uploads\/2019\/04\/Skandi-table_square_oak_1-thump-nail1-100x100.jpg 100w, https:\/\/nikari.fi\/wp-content\/uploads\/2019\/04\/Skandi-table_square_oak_1-thump-nail1-600x600.jpg 600w, https:\/\/nikari.fi\/wp-content\/uploads\/2019\/04\/Skandi-table_square_oak_1-thump-nail1-500x500.jpg 500w, https:\/\/nikari.fi\/wp-content\/uploads\/2019\/04\/Skandi-table_square_oak_1-thump-nail1-768x768.jpg 768w\" sizes=\"auto, (max-width: 1000px) 100vw, 1000px\" \/>                                                <\/div>\n            <\/div>\n            <div class=\"box-text text-center is-large\" >\n                  <div class=\"box-text-inner\">\n                      <h6 class=\"uppercase portfolio-box-title\">SKANDI<\/h6>\n                      <p class=\"uppercase portfolio-box-category is-xsmall op-6\">\n                        <span class=\"show-on-hover\">\n                         CAF\u00c9 COLLECTION, TABLES                        <\/span>\n                      <\/p>\n                  <\/div>\n            <\/div>\n           <\/div>\n           <\/a>\n           <\/div>\n           <\/div><div class=\"col\" data-terms=\"[&quot;CAF\u00c9 COLLECTION&quot;,&quot;TABLES&quot;]\" >\n          <div class=\"col-inner\" >\n          <a href=\"https:\/\/nikari.fi\/fi\/products\/cafe-collection-fi,tables-fi\/skandi-pyorea\/\" class=\"plain \">\n          <div class=\"portfolio-box box has-hover box-default\">\n            <div class=\"box-image\" >\n                <div class=\"image-cover\" style=\"padding-top:90%;\">\n                <img loading=\"lazy\" decoding=\"async\" width=\"210\" height=\"210\" src=\"https:\/\/nikari.fi\/wp-content\/uploads\/2020\/11\/Skandi-round-web.jpg\" class=\"attachment-original size-original\" alt=\"\" srcset=\"https:\/\/nikari.fi\/wp-content\/uploads\/2020\/11\/Skandi-round-web.jpg 210w, https:\/\/nikari.fi\/wp-content\/uploads\/2020\/11\/Skandi-round-web-100x100.jpg 100w\" sizes=\"auto, (max-width: 210px) 100vw, 210px\" \/>                                                <\/div>\n            <\/div>\n            <div class=\"box-text text-center is-large\" >\n                  <div class=\"box-text-inner\">\n                      <h6 class=\"uppercase portfolio-box-title\">SKANDI PY\u00d6RE\u00c4 P\u00d6YT\u00c4<\/h6>\n                      <p class=\"uppercase portfolio-box-category is-xsmall op-6\">\n                        <span class=\"show-on-hover\">\n                         CAF\u00c9 COLLECTION, TABLES                        <\/span>\n                      <\/p>\n                  <\/div>\n            <\/div>\n           <\/div>\n           <\/a>\n           <\/div>\n           <\/div><div class=\"col\" data-terms=\"[&quot;CAF\u00c9 COLLECTION&quot;,&quot;TABLES&quot;]\" >\n          <div class=\"col-inner\" >\n          <a href=\"https:\/\/nikari.fi\/fi\/products\/cafe-collection-fi,tables-fi\/skandi-tyopoyta\/\" class=\"plain \">\n          <div class=\"portfolio-box box has-hover box-default\">\n            <div class=\"box-image\" >\n                <div class=\"image-cover\" style=\"padding-top:90%;\">\n                <img loading=\"lazy\" decoding=\"async\" width=\"2560\" height=\"1707\" src=\"https:\/\/nikari.fi\/wp-content\/uploads\/2020\/11\/Cafe-Skandi-table-design-Kari-Virtanen-scaled.jpg\" class=\"attachment-original size-original\" alt=\"\" srcset=\"https:\/\/nikari.fi\/wp-content\/uploads\/2020\/11\/Cafe-Skandi-table-design-Kari-Virtanen-scaled.jpg 2560w, https:\/\/nikari.fi\/wp-content\/uploads\/2020\/11\/Cafe-Skandi-table-design-Kari-Virtanen-scaled-600x400.jpg 600w, https:\/\/nikari.fi\/wp-content\/uploads\/2020\/11\/Cafe-Skandi-table-design-Kari-Virtanen-300x200.jpg 300w, https:\/\/nikari.fi\/wp-content\/uploads\/2020\/11\/Cafe-Skandi-table-design-Kari-Virtanen-1024x683.jpg 1024w, https:\/\/nikari.fi\/wp-content\/uploads\/2020\/11\/Cafe-Skandi-table-design-Kari-Virtanen-768x512.jpg 768w, https:\/\/nikari.fi\/wp-content\/uploads\/2020\/11\/Cafe-Skandi-table-design-Kari-Virtanen-1536x1024.jpg 1536w, https:\/\/nikari.fi\/wp-content\/uploads\/2020\/11\/Cafe-Skandi-table-design-Kari-Virtanen-2048x1365.jpg 2048w\" sizes=\"auto, (max-width: 2560px) 100vw, 2560px\" \/>                                                <\/div>\n            <\/div>\n            <div class=\"box-text text-center is-large\" >\n                  <div class=\"box-text-inner\">\n                      <h6 class=\"uppercase portfolio-box-title\">SKANDI TY\u00d6P\u00d6YT\u00c4<\/h6>\n                      <p class=\"uppercase portfolio-box-category is-xsmall op-6\">\n                        <span class=\"show-on-hover\">\n                         CAF\u00c9 COLLECTION, TABLES                        <\/span>\n                      <\/p>\n                  <\/div>\n            <\/div>\n           <\/div>\n           <\/a>\n           <\/div>\n           <\/div><\/div><\/div>\n","protected":false},"excerpt":{"rendered":"","protected":false},"author":1,"featured_media":0,"parent":0,"menu_order":0,"comment_status":"closed","ping_status":"closed","template":"","meta":{"footnotes":""},"class_list":["post-16852","page","type-page","status-publish","hentry"],"yoast_head":"<!-- This site is optimized with the Yoast SEO plugin v27.3 - https:\/\/yoast.com\/product\/yoast-seo-wordpress\/ -->\n<title>Caf\u00e9 - Nikari<\/title>\n<meta name=\"robots\" content=\"index, follow, max-snippet:-1, max-image-preview:large, max-video-preview:-1\" \/>\n<link rel=\"canonical\" href=\"https:\/\/nikari.fi\/fi\/cafe\/\" \/>\n<meta property=\"og:locale\" content=\"fi_FI\" \/>\n<meta property=\"og:type\" content=\"article\" \/>\n<meta property=\"og:title\" content=\"Caf\u00e9 - Nikari\" \/>\n<meta property=\"og:url\" content=\"https:\/\/nikari.fi\/fi\/cafe\/\" \/>\n<meta property=\"og:site_name\" content=\"Nikari\" \/>\n<meta property=\"article:modified_time\" content=\"2025-04-07T01:40:30+00:00\" \/>\n<meta name=\"twitter:card\" content=\"summary_large_image\" \/>\n<meta name=\"twitter:label1\" content=\"Arvioitu lukuaika\" \/>\n\t<meta name=\"twitter:data1\" content=\"1 minuutti\" \/>\n<script type=\"application\/ld+json\" class=\"yoast-schema-graph\">{\"@context\":\"https:\\\/\\\/schema.org\",\"@graph\":[{\"@type\":\"WebPage\",\"@id\":\"https:\\\/\\\/nikari.fi\\\/fi\\\/cafe\\\/\",\"url\":\"https:\\\/\\\/nikari.fi\\\/fi\\\/cafe\\\/\",\"name\":\"Caf\u00e9 - Nikari\",\"isPartOf\":{\"@id\":\"https:\\\/\\\/nikari.fi\\\/fi\\\/#website\"},\"datePublished\":\"2025-04-01T05:35:35+00:00\",\"dateModified\":\"2025-04-07T01:40:30+00:00\",\"breadcrumb\":{\"@id\":\"https:\\\/\\\/nikari.fi\\\/fi\\\/cafe\\\/#breadcrumb\"},\"inLanguage\":\"fi\",\"potentialAction\":[{\"@type\":\"ReadAction\",\"target\":[\"https:\\\/\\\/nikari.fi\\\/fi\\\/cafe\\\/\"]}]},{\"@type\":\"BreadcrumbList\",\"@id\":\"https:\\\/\\\/nikari.fi\\\/fi\\\/cafe\\\/#breadcrumb\",\"itemListElement\":[{\"@type\":\"ListItem\",\"position\":1,\"name\":\"Home\",\"item\":\"https:\\\/\\\/nikari.fi\\\/fi\\\/\"},{\"@type\":\"ListItem\",\"position\":2,\"name\":\"Caf\u00e9\"}]},{\"@type\":\"WebSite\",\"@id\":\"https:\\\/\\\/nikari.fi\\\/fi\\\/#website\",\"url\":\"https:\\\/\\\/nikari.fi\\\/fi\\\/\",\"name\":\"Nikari\",\"description\":\"\",\"publisher\":{\"@id\":\"https:\\\/\\\/nikari.fi\\\/fi\\\/#organization\"},\"potentialAction\":[{\"@type\":\"SearchAction\",\"target\":{\"@type\":\"EntryPoint\",\"urlTemplate\":\"https:\\\/\\\/nikari.fi\\\/fi\\\/?s={search_term_string}\"},\"query-input\":{\"@type\":\"PropertyValueSpecification\",\"valueRequired\":true,\"valueName\":\"search_term_string\"}}],\"inLanguage\":\"fi\"},{\"@type\":\"Organization\",\"@id\":\"https:\\\/\\\/nikari.fi\\\/fi\\\/#organization\",\"name\":\"Nikari Oy\",\"url\":\"https:\\\/\\\/nikari.fi\\\/fi\\\/\",\"logo\":{\"@type\":\"ImageObject\",\"inLanguage\":\"fi\",\"@id\":\"https:\\\/\\\/nikari.fi\\\/fi\\\/#\\\/schema\\\/logo\\\/image\\\/\",\"url\":\"https:\\\/\\\/nikari.fi\\\/wp-content\\\/uploads\\\/2019\\\/01\\\/nikari-logo-1.png\",\"contentUrl\":\"https:\\\/\\\/nikari.fi\\\/wp-content\\\/uploads\\\/2019\\\/01\\\/nikari-logo-1.png\",\"width\":340,\"height\":60,\"caption\":\"Nikari Oy\"},\"image\":{\"@id\":\"https:\\\/\\\/nikari.fi\\\/fi\\\/#\\\/schema\\\/logo\\\/image\\\/\"}}]}<\/script>\n<!-- \/ Yoast SEO plugin. -->","yoast_head_json":{"title":"Caf\u00e9 - Nikari","robots":{"index":"index","follow":"follow","max-snippet":"max-snippet:-1","max-image-preview":"max-image-preview:large","max-video-preview":"max-video-preview:-1"},"canonical":"https:\/\/nikari.fi\/fi\/cafe\/","og_locale":"fi_FI","og_type":"article","og_title":"Caf\u00e9 - Nikari","og_url":"https:\/\/nikari.fi\/fi\/cafe\/","og_site_name":"Nikari","article_modified_time":"2025-04-07T01:40:30+00:00","twitter_card":"summary_large_image","twitter_misc":{"Arvioitu lukuaika":"1 minuutti"},"schema":{"@context":"https:\/\/schema.org","@graph":[{"@type":"WebPage","@id":"https:\/\/nikari.fi\/fi\/cafe\/","url":"https:\/\/nikari.fi\/fi\/cafe\/","name":"Caf\u00e9 - Nikari","isPartOf":{"@id":"https:\/\/nikari.fi\/fi\/#website"},"datePublished":"2025-04-01T05:35:35+00:00","dateModified":"2025-04-07T01:40:30+00:00","breadcrumb":{"@id":"https:\/\/nikari.fi\/fi\/cafe\/#breadcrumb"},"inLanguage":"fi","potentialAction":[{"@type":"ReadAction","target":["https:\/\/nikari.fi\/fi\/cafe\/"]}]},{"@type":"BreadcrumbList","@id":"https:\/\/nikari.fi\/fi\/cafe\/#breadcrumb","itemListElement":[{"@type":"ListItem","position":1,"name":"Home","item":"https:\/\/nikari.fi\/fi\/"},{"@type":"ListItem","position":2,"name":"Caf\u00e9"}]},{"@type":"WebSite","@id":"https:\/\/nikari.fi\/fi\/#website","url":"https:\/\/nikari.fi\/fi\/","name":"Nikari","description":"","publisher":{"@id":"https:\/\/nikari.fi\/fi\/#organization"},"potentialAction":[{"@type":"SearchAction","target":{"@type":"EntryPoint","urlTemplate":"https:\/\/nikari.fi\/fi\/?s={search_term_string}"},"query-input":{"@type":"PropertyValueSpecification","valueRequired":true,"valueName":"search_term_string"}}],"inLanguage":"fi"},{"@type":"Organization","@id":"https:\/\/nikari.fi\/fi\/#organization","name":"Nikari Oy","url":"https:\/\/nikari.fi\/fi\/","logo":{"@type":"ImageObject","inLanguage":"fi","@id":"https:\/\/nikari.fi\/fi\/#\/schema\/logo\/image\/","url":"https:\/\/nikari.fi\/wp-content\/uploads\/2019\/01\/nikari-logo-1.png","contentUrl":"https:\/\/nikari.fi\/wp-content\/uploads\/2019\/01\/nikari-logo-1.png","width":340,"height":60,"caption":"Nikari Oy"},"image":{"@id":"https:\/\/nikari.fi\/fi\/#\/schema\/logo\/image\/"}}]}},"_links":{"self":[{"href":"https:\/\/nikari.fi\/fi\/wp-json\/wp\/v2\/pages\/16852","targetHints":{"allow":["GET"]}}],"collection":[{"href":"https:\/\/nikari.fi\/fi\/wp-json\/wp\/v2\/pages"}],"about":[{"href":"https:\/\/nikari.fi\/fi\/wp-json\/wp\/v2\/types\/page"}],"author":[{"embeddable":true,"href":"https:\/\/nikari.fi\/fi\/wp-json\/wp\/v2\/users\/1"}],"replies":[{"embeddable":true,"href":"https:\/\/nikari.fi\/fi\/wp-json\/wp\/v2\/comments?post=16852"}],"version-history":[{"count":1,"href":"https:\/\/nikari.fi\/fi\/wp-json\/wp\/v2\/pages\/16852\/revisions"}],"predecessor-version":[{"id":16853,"href":"https:\/\/nikari.fi\/fi\/wp-json\/wp\/v2\/pages\/16852\/revisions\/16853"}],"wp:attachment":[{"href":"https:\/\/nikari.fi\/fi\/wp-json\/wp\/v2\/media?parent=16852"}],"curies":[{"name":"wp","href":"https:\/\/api.w.org\/{rel}","templated":true}]}}