{"id":3317,"date":"2019-04-19T19:05:04","date_gmt":"2019-04-19T16:05:04","guid":{"rendered":"https:\/\/nikari.fi\/?page_id=3317"},"modified":"2024-10-15T12:06:32","modified_gmt":"2024-10-15T09:06:32","slug":"yritys-old","status":"publish","type":"page","link":"https:\/\/nikari.fi\/fi\/tietoa-meista-old\/yritys-old\/","title":{"rendered":"Yritys Old"},"content":{"rendered":"\t<div id=\"gap-497289018\" class=\"gap-element clearfix\" style=\"display:block; height:auto;\">\n\t\t\n<style>\n#gap-497289018 {\n  padding-top: 30px;\n}\n<\/style>\n\t<\/div>\n\t\n<div class=\"row align-middle\"  id=\"row-513822327\">\n\n\t<div id=\"col-114159353\" class=\"col medium-4 small-12 large-4\"  >\n\t\t\t\t<div class=\"col-inner\"  >\n\t\t\t\n\t\t\t\n<p><span style=\"font-family: open-sans;\"><strong><span style=\"font-size: 110%;\">YRITYS<\/span><\/strong><\/span><\/p>\n<p><span style=\"font-family: open-sans;\">Puumuotoilun ammattilaiset. Nikari on jo alkuvuosistaan saakka t\u00e4hd\u00e4nnyt laadukkaaseen ja kest\u00e4v\u00e4\u00e4 kehityst\u00e4 tukevaan toimintaan. Luonnon ja puumateriaalin kunnioitus on vaikuttanut ty\u00f6h\u00f6mme monin eri tavoin. Luomme kauniita ja kest\u00e4vi\u00e4 kokopuisia huonekaluja, seuraten yli 50-vuotiasta ajatustamme yhdist\u00e4\u00e4 moderni muotoilu suomalaiseen k\u00e4sity\u00f6traditioon.<\/span><\/p>\n<p><span style=\"font-family: open-sans;\">Samat arvot taidokkaasta puusep\u00e4nty\u00f6st\u00e4 ja huolella mietityst\u00e4, materiaalil\u00e4ht\u00f6isest\u00e4 muotoilusta yhdistettyn\u00e4 mahdollisimman ekologiseen valmistustapaan ovat edelleen yrityksemme ohjenuora.<\/span><\/p>\n\t\t<\/div>\n\t\t\t\t\t<\/div>\n\n\t\n\n\t<div id=\"col-1004690903\" class=\"col medium-8 small-12 large-8\"  >\n\t\t\t\t<div class=\"col-inner\"  >\n\t\t\t\n\t\t\t\n\t<div class=\"img has-hover x md-x lg-x y md-y lg-y\" id=\"image_713889779\">\n\t\t\t\t\t\t\t\t<div class=\"img-inner image-cover dark\" style=\"padding-top:400px;\">\n\t\t\t<img loading=\"lazy\" decoding=\"async\" width=\"1000\" height=\"587\" src=\"https:\/\/nikari.fi\/wp-content\/uploads\/2019\/03\/Company1-e1553258330179.jpg\" class=\"attachment-original size-original\" alt=\"\" srcset=\"https:\/\/nikari.fi\/wp-content\/uploads\/2019\/03\/Company1-e1553258330179.jpg 1000w, https:\/\/nikari.fi\/wp-content\/uploads\/2019\/03\/Company1-e1553258330179-600x352.jpg 600w, https:\/\/nikari.fi\/wp-content\/uploads\/2019\/03\/Company1-e1553258330179-300x176.jpg 300w, https:\/\/nikari.fi\/wp-content\/uploads\/2019\/03\/Company1-e1553258330179-768x451.jpg 768w\" sizes=\"auto, (max-width: 1000px) 100vw, 1000px\" \/>\t\t\t\t\t\t\n\t\t\t\t\t<\/div>\n\t\t\t\t\t\t\t\t\n<style>\n#image_713889779 {\n  width: 100%;\n}\n<\/style>\n\t<\/div>\n\t\n\t\t<\/div>\n\t\t\t\t\t<\/div>\n\n\t\n<\/div>\n<p>&nbsp;<\/p>\n<div class=\"row\"  id=\"row-1615684239\">\n\n\t<div id=\"col-2033677883\" class=\"col small-12 large-12\"  >\n\t\t\t\t<div class=\"col-inner\"  >\n\t\t\t\n\t\t\t\n<p><span style=\"font-family: open-sans;\">Nikarin studio-ty\u00f6paja sijaitsee kauniissa ja uniikissa Fiskarsin ruukissa Lounais-Suomessa, maan vanhimmassa konety\u00f6pajatilassa.\u00a0<\/span><\/p>\n\t\t<\/div>\n\t\t\t\t\t<\/div>\n\n\t\n<\/div>\n\t<div class=\"img has-hover x md-x lg-x y md-y lg-y\" id=\"image_1600810112\">\n\t\t\t\t\t\t\t\t<div class=\"img-inner dark\" >\n\t\t\t<img loading=\"lazy\" decoding=\"async\" width=\"1000\" height=\"354\" src=\"https:\/\/nikari.fi\/wp-content\/uploads\/2019\/03\/Nikari.jpg\" class=\"attachment-large size-large\" alt=\"\" srcset=\"https:\/\/nikari.fi\/wp-content\/uploads\/2019\/03\/Nikari.jpg 1000w, https:\/\/nikari.fi\/wp-content\/uploads\/2019\/03\/Nikari-600x212.jpg 600w, https:\/\/nikari.fi\/wp-content\/uploads\/2019\/03\/Nikari-300x106.jpg 300w, https:\/\/nikari.fi\/wp-content\/uploads\/2019\/03\/Nikari-768x272.jpg 768w\" sizes=\"auto, (max-width: 1000px) 100vw, 1000px\" \/>\t\t\t\t\t\t\n\t\t\t\t\t<\/div>\n\t\t\t\t\t\t\t\t\n<style>\n#image_1600810112 {\n  width: 100%;\n}\n<\/style>\n\t<\/div>\n\t\n<p>&nbsp;<\/p>\n\t<div id=\"gap-1918427767\" class=\"gap-element clearfix\" style=\"display:block; height:auto;\">\n\t\t\n<style>\n#gap-1918427767 {\n  padding-top: 30px;\n}\n<\/style>\n\t<\/div>\n\t\n","protected":false},"excerpt":{"rendered":"<p>&nbsp; &nbsp;<\/p>\n","protected":false},"author":2,"featured_media":0,"parent":3312,"menu_order":0,"comment_status":"closed","ping_status":"closed","template":"","meta":{"footnotes":""},"class_list":["post-3317","page","type-page","status-publish","hentry"],"yoast_head":"<!-- This site is optimized with the Yoast SEO plugin v27.5 - https:\/\/yoast.com\/product\/yoast-seo-wordpress\/ -->\n<title>Yritys Old - Nikari<\/title>\n<meta name=\"robots\" content=\"index, follow, max-snippet:-1, max-image-preview:large, max-video-preview:-1\" \/>\n<link rel=\"canonical\" href=\"https:\/\/nikari.fi\/fi\/tietoa-meista-old\/yritys-old\/\" \/>\n<meta property=\"og:locale\" content=\"fi_FI\" \/>\n<meta property=\"og:type\" content=\"article\" \/>\n<meta property=\"og:title\" content=\"Yritys Old - Nikari\" \/>\n<meta property=\"og:description\" content=\"&nbsp; &nbsp;\" \/>\n<meta property=\"og:url\" content=\"https:\/\/nikari.fi\/fi\/tietoa-meista-old\/yritys-old\/\" \/>\n<meta property=\"og:site_name\" content=\"Nikari\" \/>\n<meta property=\"article:modified_time\" content=\"2024-10-15T09:06:32+00:00\" \/>\n<meta name=\"twitter:card\" content=\"summary_large_image\" \/>\n<meta name=\"twitter:label1\" content=\"Arvioitu lukuaika\" \/>\n\t<meta name=\"twitter:data1\" content=\"1 minuutti\" \/>\n<script type=\"application\/ld+json\" class=\"yoast-schema-graph\">{\"@context\":\"https:\\\/\\\/schema.org\",\"@graph\":[{\"@type\":\"WebPage\",\"@id\":\"https:\\\/\\\/nikari.fi\\\/fi\\\/tietoa-meista-old\\\/yritys-old\\\/\",\"url\":\"https:\\\/\\\/nikari.fi\\\/fi\\\/tietoa-meista-old\\\/yritys-old\\\/\",\"name\":\"Yritys Old - Nikari\",\"isPartOf\":{\"@id\":\"https:\\\/\\\/nikari.fi\\\/fi\\\/#website\"},\"datePublished\":\"2019-04-19T16:05:04+00:00\",\"dateModified\":\"2024-10-15T09:06:32+00:00\",\"breadcrumb\":{\"@id\":\"https:\\\/\\\/nikari.fi\\\/fi\\\/tietoa-meista-old\\\/yritys-old\\\/#breadcrumb\"},\"inLanguage\":\"fi\",\"potentialAction\":[{\"@type\":\"ReadAction\",\"target\":[\"https:\\\/\\\/nikari.fi\\\/fi\\\/tietoa-meista-old\\\/yritys-old\\\/\"]}]},{\"@type\":\"BreadcrumbList\",\"@id\":\"https:\\\/\\\/nikari.fi\\\/fi\\\/tietoa-meista-old\\\/yritys-old\\\/#breadcrumb\",\"itemListElement\":[{\"@type\":\"ListItem\",\"position\":1,\"name\":\"Home\",\"item\":\"https:\\\/\\\/nikari.fi\\\/fi\\\/\"},{\"@type\":\"ListItem\",\"position\":2,\"name\":\"Tietoa Meist\u00e4-old\",\"item\":\"https:\\\/\\\/nikari.fi\\\/fi\\\/tietoa-meista-old\\\/\"},{\"@type\":\"ListItem\",\"position\":3,\"name\":\"Yritys Old\"}]},{\"@type\":\"WebSite\",\"@id\":\"https:\\\/\\\/nikari.fi\\\/fi\\\/#website\",\"url\":\"https:\\\/\\\/nikari.fi\\\/fi\\\/\",\"name\":\"Nikari\",\"description\":\"\",\"publisher\":{\"@id\":\"https:\\\/\\\/nikari.fi\\\/fi\\\/#organization\"},\"potentialAction\":[{\"@type\":\"SearchAction\",\"target\":{\"@type\":\"EntryPoint\",\"urlTemplate\":\"https:\\\/\\\/nikari.fi\\\/fi\\\/?s={search_term_string}\"},\"query-input\":{\"@type\":\"PropertyValueSpecification\",\"valueRequired\":true,\"valueName\":\"search_term_string\"}}],\"inLanguage\":\"fi\"},{\"@type\":\"Organization\",\"@id\":\"https:\\\/\\\/nikari.fi\\\/fi\\\/#organization\",\"name\":\"Nikari Oy\",\"url\":\"https:\\\/\\\/nikari.fi\\\/fi\\\/\",\"logo\":{\"@type\":\"ImageObject\",\"inLanguage\":\"fi\",\"@id\":\"https:\\\/\\\/nikari.fi\\\/fi\\\/#\\\/schema\\\/logo\\\/image\\\/\",\"url\":\"https:\\\/\\\/nikari.fi\\\/wp-content\\\/uploads\\\/2019\\\/01\\\/nikari-logo-1.png\",\"contentUrl\":\"https:\\\/\\\/nikari.fi\\\/wp-content\\\/uploads\\\/2019\\\/01\\\/nikari-logo-1.png\",\"width\":340,\"height\":60,\"caption\":\"Nikari Oy\"},\"image\":{\"@id\":\"https:\\\/\\\/nikari.fi\\\/fi\\\/#\\\/schema\\\/logo\\\/image\\\/\"}}]}<\/script>\n<!-- \/ Yoast SEO plugin. -->","yoast_head_json":{"title":"Yritys Old - Nikari","robots":{"index":"index","follow":"follow","max-snippet":"max-snippet:-1","max-image-preview":"max-image-preview:large","max-video-preview":"max-video-preview:-1"},"canonical":"https:\/\/nikari.fi\/fi\/tietoa-meista-old\/yritys-old\/","og_locale":"fi_FI","og_type":"article","og_title":"Yritys Old - Nikari","og_description":"&nbsp; &nbsp;","og_url":"https:\/\/nikari.fi\/fi\/tietoa-meista-old\/yritys-old\/","og_site_name":"Nikari","article_modified_time":"2024-10-15T09:06:32+00:00","twitter_card":"summary_large_image","twitter_misc":{"Arvioitu lukuaika":"1 minuutti"},"schema":{"@context":"https:\/\/schema.org","@graph":[{"@type":"WebPage","@id":"https:\/\/nikari.fi\/fi\/tietoa-meista-old\/yritys-old\/","url":"https:\/\/nikari.fi\/fi\/tietoa-meista-old\/yritys-old\/","name":"Yritys Old - Nikari","isPartOf":{"@id":"https:\/\/nikari.fi\/fi\/#website"},"datePublished":"2019-04-19T16:05:04+00:00","dateModified":"2024-10-15T09:06:32+00:00","breadcrumb":{"@id":"https:\/\/nikari.fi\/fi\/tietoa-meista-old\/yritys-old\/#breadcrumb"},"inLanguage":"fi","potentialAction":[{"@type":"ReadAction","target":["https:\/\/nikari.fi\/fi\/tietoa-meista-old\/yritys-old\/"]}]},{"@type":"BreadcrumbList","@id":"https:\/\/nikari.fi\/fi\/tietoa-meista-old\/yritys-old\/#breadcrumb","itemListElement":[{"@type":"ListItem","position":1,"name":"Home","item":"https:\/\/nikari.fi\/fi\/"},{"@type":"ListItem","position":2,"name":"Tietoa Meist\u00e4-old","item":"https:\/\/nikari.fi\/fi\/tietoa-meista-old\/"},{"@type":"ListItem","position":3,"name":"Yritys Old"}]},{"@type":"WebSite","@id":"https:\/\/nikari.fi\/fi\/#website","url":"https:\/\/nikari.fi\/fi\/","name":"Nikari","description":"","publisher":{"@id":"https:\/\/nikari.fi\/fi\/#organization"},"potentialAction":[{"@type":"SearchAction","target":{"@type":"EntryPoint","urlTemplate":"https:\/\/nikari.fi\/fi\/?s={search_term_string}"},"query-input":{"@type":"PropertyValueSpecification","valueRequired":true,"valueName":"search_term_string"}}],"inLanguage":"fi"},{"@type":"Organization","@id":"https:\/\/nikari.fi\/fi\/#organization","name":"Nikari Oy","url":"https:\/\/nikari.fi\/fi\/","logo":{"@type":"ImageObject","inLanguage":"fi","@id":"https:\/\/nikari.fi\/fi\/#\/schema\/logo\/image\/","url":"https:\/\/nikari.fi\/wp-content\/uploads\/2019\/01\/nikari-logo-1.png","contentUrl":"https:\/\/nikari.fi\/wp-content\/uploads\/2019\/01\/nikari-logo-1.png","width":340,"height":60,"caption":"Nikari Oy"},"image":{"@id":"https:\/\/nikari.fi\/fi\/#\/schema\/logo\/image\/"}}]}},"_links":{"self":[{"href":"https:\/\/nikari.fi\/fi\/wp-json\/wp\/v2\/pages\/3317","targetHints":{"allow":["GET"]}}],"collection":[{"href":"https:\/\/nikari.fi\/fi\/wp-json\/wp\/v2\/pages"}],"about":[{"href":"https:\/\/nikari.fi\/fi\/wp-json\/wp\/v2\/types\/page"}],"author":[{"embeddable":true,"href":"https:\/\/nikari.fi\/fi\/wp-json\/wp\/v2\/users\/2"}],"replies":[{"embeddable":true,"href":"https:\/\/nikari.fi\/fi\/wp-json\/wp\/v2\/comments?post=3317"}],"version-history":[{"count":16,"href":"https:\/\/nikari.fi\/fi\/wp-json\/wp\/v2\/pages\/3317\/revisions"}],"predecessor-version":[{"id":15950,"href":"https:\/\/nikari.fi\/fi\/wp-json\/wp\/v2\/pages\/3317\/revisions\/15950"}],"up":[{"embeddable":true,"href":"https:\/\/nikari.fi\/fi\/wp-json\/wp\/v2\/pages\/3312"}],"wp:attachment":[{"href":"https:\/\/nikari.fi\/fi\/wp-json\/wp\/v2\/media?parent=3317"}],"curies":[{"name":"wp","href":"https:\/\/api.w.org\/{rel}","templated":true}]}}