{"id":3324,"date":"2019-04-19T19:13:58","date_gmt":"2019-04-19T16:13:58","guid":{"rendered":"https:\/\/nikari.fi\/?page_id=3324"},"modified":"2024-10-15T12:05:57","modified_gmt":"2024-10-15T09:05:57","slug":"historia-old","status":"publish","type":"page","link":"https:\/\/nikari.fi\/fi\/tietoa-meista-old\/historia-old\/","title":{"rendered":"Historia-old"},"content":{"rendered":"\t<div id=\"gap-1270014513\" class=\"gap-element clearfix\" style=\"display:block; height:auto;\">\n\t\t\n<style>\n#gap-1270014513 {\n  padding-top: 30px;\n}\n<\/style>\n\t<\/div>\n\t\n<div class=\"row align-middle\"  id=\"row-1706997947\">\n\n\t<div id=\"col-2091413669\" class=\"col medium-4 small-12 large-4\"  >\n\t\t\t\t<div class=\"col-inner\"  >\n\t\t\t\n\t\t\t\n<p><strong><span style=\"font-size: 110%;\">HISTORIA<\/span><\/strong><\/p>\n\t<div id=\"gap-1095922436\" class=\"gap-element clearfix\" style=\"display:block; height:auto;\">\n\t\t\n<style>\n#gap-1095922436 {\n  padding-top: 50px;\n}\n<\/style>\n\t<\/div>\n\t\n<p>Nikari perustettiin vuonna 1967 Sein\u00e4joella, Nikkarinkosken varrella. Yrityksen nime\u00e4 luullaan maailmalla usein japanilaiseksi, mutta se on sanaleikki; yhdistelm\u00e4 alkuper\u00e4isen sijainnin, &#8221;puusepp\u00e4-nikkarin&#8221; sek\u00e4 perustajan, Kari Virtasen, nimest\u00e4.\u00a0\u00a0<\/p>\n\t\t<\/div>\n\t\t\t\t\t<\/div>\n\n\t\n\n\t<div id=\"col-71706462\" class=\"col medium-8 small-12 large-8\"  >\n\t\t\t\t<div class=\"col-inner\"  >\n\t\t\t\n\t\t\t\n<div class=\"slider-wrapper relative\" id=\"slider-1191702185\" >\n    <div class=\"slider slider-nav-simple slider-nav-large slider-nav-dark slider-nav-outside slider-style-normal\"\n        data-flickity-options='{\n            \"cellAlign\": \"center\",\n            \"imagesLoaded\": true,\n            \"lazyLoad\": 1,\n            \"freeScroll\": false,\n            \"wrapAround\": true,\n            \"autoPlay\": 4000,\n            \"pauseAutoPlayOnHover\" : true,\n            \"prevNextButtons\": true,\n            \"contain\" : true,\n            \"adaptiveHeight\" : true,\n            \"dragThreshold\" : 10,\n            \"percentPosition\": true,\n            \"pageDots\": false,\n            \"rightToLeft\": false,\n            \"draggable\": true,\n            \"selectedAttraction\": 0.1,\n            \"parallax\" : 0,\n            \"friction\": 0.6        }'\n        >\n        \n\t<div class=\"img has-hover x md-x lg-x y md-y lg-y\" id=\"image_607482133\">\n\t\t\t\t\t\t\t\t<div class=\"img-inner image-cover dark\" style=\"padding-top:400px;\">\n\t\t\t<img loading=\"lazy\" decoding=\"async\" width=\"1000\" height=\"667\" src=\"https:\/\/nikari.fi\/wp-content\/uploads\/2019\/03\/History4.jpg\" class=\"attachment-large size-large\" alt=\"\" srcset=\"https:\/\/nikari.fi\/wp-content\/uploads\/2019\/03\/History4.jpg 1000w, https:\/\/nikari.fi\/wp-content\/uploads\/2019\/03\/History4-600x400.jpg 600w, https:\/\/nikari.fi\/wp-content\/uploads\/2019\/03\/History4-300x200.jpg 300w, https:\/\/nikari.fi\/wp-content\/uploads\/2019\/03\/History4-768x512.jpg 768w\" sizes=\"auto, (max-width: 1000px) 100vw, 1000px\" \/>\t\t\t\t\t\t\n\t\t\t\t\t<\/div>\n\t\t\t\t\t\t\t\t\n<style>\n#image_607482133 {\n  width: 100%;\n}\n<\/style>\n\t<\/div>\n\t\n\t<div class=\"img has-hover x md-x lg-x y md-y lg-y\" id=\"image_524963348\">\n\t\t\t\t\t\t\t\t<div class=\"img-inner image-cover dark\" style=\"padding-top:400px;\">\n\t\t\t<img loading=\"lazy\" decoding=\"async\" width=\"1000\" height=\"600\" src=\"https:\/\/nikari.fi\/wp-content\/uploads\/2019\/01\/history.jpg\" class=\"attachment-large size-large\" alt=\"\" srcset=\"https:\/\/nikari.fi\/wp-content\/uploads\/2019\/01\/history.jpg 1000w, https:\/\/nikari.fi\/wp-content\/uploads\/2019\/01\/history-600x360.jpg 600w, https:\/\/nikari.fi\/wp-content\/uploads\/2019\/01\/history-300x180.jpg 300w, https:\/\/nikari.fi\/wp-content\/uploads\/2019\/01\/history-768x461.jpg 768w\" sizes=\"auto, (max-width: 1000px) 100vw, 1000px\" \/>\t\t\t\t\t\t\n\t\t\t\t\t<\/div>\n\t\t\t\t\t\t\t\t\n<style>\n#image_524963348 {\n  width: 100%;\n}\n<\/style>\n\t<\/div>\n\t\n\t<div class=\"img has-hover x md-x lg-x y md-y lg-y\" id=\"image_1416763726\">\n\t\t\t\t\t\t\t\t<div class=\"img-inner image-cover dark\" style=\"padding-top:400px;\">\n\t\t\t<img loading=\"lazy\" decoding=\"async\" width=\"1000\" height=\"667\" src=\"https:\/\/nikari.fi\/wp-content\/uploads\/2019\/03\/History3.jpg\" class=\"attachment-large size-large\" alt=\"\" srcset=\"https:\/\/nikari.fi\/wp-content\/uploads\/2019\/03\/History3.jpg 1000w, https:\/\/nikari.fi\/wp-content\/uploads\/2019\/03\/History3-600x400.jpg 600w, https:\/\/nikari.fi\/wp-content\/uploads\/2019\/03\/History3-300x200.jpg 300w, https:\/\/nikari.fi\/wp-content\/uploads\/2019\/03\/History3-768x512.jpg 768w\" sizes=\"auto, (max-width: 1000px) 100vw, 1000px\" \/>\t\t\t\t\t\t\n\t\t\t\t\t<\/div>\n\t\t\t\t\t\t\t\t\n<style>\n#image_1416763726 {\n  width: 100%;\n}\n<\/style>\n\t<\/div>\n\t\n\t<div class=\"img has-hover x md-x lg-x y md-y lg-y\" id=\"image_304286626\">\n\t\t\t\t\t\t\t\t<div class=\"img-inner image-cover dark\" style=\"padding-top:400px;\">\n\t\t\t<img loading=\"lazy\" decoding=\"async\" width=\"1000\" height=\"594\" src=\"https:\/\/nikari.fi\/wp-content\/uploads\/2019\/03\/History2.jpg\" class=\"attachment-large size-large\" alt=\"\" srcset=\"https:\/\/nikari.fi\/wp-content\/uploads\/2019\/03\/History2.jpg 1000w, https:\/\/nikari.fi\/wp-content\/uploads\/2019\/03\/History2-600x356.jpg 600w, https:\/\/nikari.fi\/wp-content\/uploads\/2019\/03\/History2-300x178.jpg 300w, https:\/\/nikari.fi\/wp-content\/uploads\/2019\/03\/History2-768x456.jpg 768w\" sizes=\"auto, (max-width: 1000px) 100vw, 1000px\" \/>\t\t\t\t\t\t\n\t\t\t\t\t<\/div>\n\t\t\t\t\t\t\t\t\n<style>\n#image_304286626 {\n  width: 100%;\n}\n<\/style>\n\t<\/div>\n\t\n     <\/div>\n\n     <div class=\"loading-spin dark large centered\"><\/div>\n\n\t\n<style>\n#slider-1191702185 {\n  margin-bottom: 1px;\n}\n<\/style>\n<\/div>\n\n\n\t\t<\/div>\n\t\t\t\t\t<\/div>\n\n\t\n<\/div>\n<div class=\"text-center\"><div class=\"is-divider divider clearfix\" style=\"max-width:100%;height:1px;background-color:rgb(102, 102, 102);\"><\/div><\/div>\n<p><strong>HISTORIA \u2013 VUOSILUKUJA<\/strong><\/p>\n<p>1967 Kari Virtanen perustaa Nikarin Pohjanmaalla ja ensimm\u00e4inen projekti Alvar Aallon arkkitehtitoimiston kanssa kest\u00e4\u00e4 7 vuotta.\u00a0<\/p>\n<p>1977 Kari Virtanen ja Kaj Franck pit\u00e4v\u00e4t ensimm\u00e4isen yhteisn\u00e4yttelyn Helsingiss\u00e4.<\/p>\n<p>1987 Kari Virtanen vastaanottaa skandinaavisen Bruno Mathsson -palkinnon<\/p>\n<p>1993 Nikari muuttaa Fiskarsin ruukkiin, taiteen, k\u00e4sity\u00f6l\u00e4isyyden ja muotoilun kehittyv\u00e4\u00e4n keskukseen<\/p>\n<p>1993 Kari Virtanen vastaanottaa SIO:n (Suomen sisustusarkkitehtien j\u00e4rjest\u00f6) Vuoden Huonekalumuotoilija -palkinnon.\u00a0<\/p>\n<p>1993 Hedelm\u00e4vati (design Kari Virtanen) valitaan MoMA New Yorkin pysyv\u00e4\u00e4n n\u00e4yttelyyn\u00a0<\/p>\n<p>1996 Yhteisty\u00f6 Rudi Merzin ja Kari Virtasen v\u00e4lill\u00e4 alkaa<\/p>\n<p>1998 Steven Holl valitsee Kari Virtasen SEMINAR KVT2-tuolin Helsingin modernin taiteen museo Kiasman vierastuoliksi.\u00a0<\/p>\n<p>2005 Kari Virtanen vastaanottaa valtion muotoilupalkinnon<\/p>\n<p>2006 Rudi Merz vastaanottaa Suomen taiteilijoiden ja muotoilijoiden yhdistyksen vuosipalkinnon\u00a0<\/p>\n<p>2007 Nikari t\u00e4ytt\u00e4\u00e4 40 vuotta<\/p>\n<p>2009 Kari Virtanen saa Pro Finlandia -mitalin Suomen Presidentilt\u00e4<\/p>\n<p>2010 Sukupolvenvaihdos: uusi yritt\u00e4j\u00e4sukupolvi (tj Johanna Vuorio ja luova johtaja Jenni Roininen) jatkaa yrityksen toimintaa<\/p>\n<p>2012 \u201c12 DESIGNS FOR NATURE\u201d -tuotekehitysprojektilla juhlistetaan Helsingin maailman designp\u00e4\u00e4kaupunkivuotta. Projekti saa paljon kansainv\u00e4list\u00e4 huomioita ja yritys aloittaa kansainv\u00e4listymisprosessin osallistumalla ensimm\u00e4ist\u00e4 kertaa ulkomaisille alan messuille.\u00a0<\/p>\n<p>2014 \u201c5 STUDIES for nature\u201d -tuotekehitysprojekti tehd\u00e4\u00e4n yhteisty\u00f6ss\u00e4 5 kansainv\u00e4lisen yliopiston kanssa ymp\u00e4ri maailman: Helsinki, Guangdong, Toronto, Milan, Stockholm.<\/p>\n<p>2017 Nikari juhlii 50-vuotissyntym\u00e4p\u00e4ivi\u00e4\u00e4n teemalla \u201c50 vuotta tarinoita\u201d. Kirja &#8221;WORKING WITH WOOD &#8211; n\u00e4k\u00f6kulma pohjoiseen puusep\u00e4nty\u00f6h\u00f6n&#8221; julkaistaan.<\/p>\n<p>2020 Nikari ja Woodnotes tiivist\u00e4v\u00e4t yhteisty\u00f6t\u00e4\u00e4n ja toiminta virallistetaan sisaryhti\u00f6n\u00e4. Johanna Vuorio siirtyy molempien yhti\u00f6iden toimitusjohtajaksi. <a href=\"https:\/\/nikari.fi\/fi\/yhdessa-luonnollisesti\/\">Lue lis\u00e4\u00e4.<\/a><\/p>\n<p>2022\u00a0Kari Virtaselle my\u00f6nnet\u00e4\u00e4n arvostettu Kaj Franck \u2013 muotoilupalkinto.<\/p>\n\t<div id=\"gap-9929418\" class=\"gap-element clearfix\" style=\"display:block; height:auto;\">\n\t\t\n<style>\n#gap-9929418 {\n  padding-top: 30px;\n}\n<\/style>\n\t<\/div>\n\t\n","protected":false},"excerpt":{"rendered":"<p>HISTORIA \u2013 VUOSILUKUJA 1967 Kari Virtanen perustaa Nikarin Pohjanmaalla ja ensimm\u00e4inen projekti Alvar Aallon arkkitehtitoimiston kanssa kest\u00e4\u00e4 7 vuotta.\u00a0 1977 Kari Virtanen ja Kaj Franck pit\u00e4v\u00e4t ensimm\u00e4isen yhteisn\u00e4yttelyn Helsingiss\u00e4. 1987 Kari Virtanen vastaanottaa skandinaavisen Bruno Mathsson -palkinnon 1993 Nikari muuttaa Fiskarsin ruukkiin, taiteen, k\u00e4sity\u00f6l\u00e4isyyden ja muotoilun kehittyv\u00e4\u00e4n keskukseen 1993 Kari Virtanen vastaanottaa SIO:n (Suomen sisustusarkkitehtien<\/p>\n","protected":false},"author":2,"featured_media":0,"parent":3312,"menu_order":0,"comment_status":"closed","ping_status":"closed","template":"","meta":{"footnotes":""},"class_list":["post-3324","page","type-page","status-publish","hentry"],"yoast_head":"<!-- This site is optimized with the Yoast SEO plugin v27.5 - https:\/\/yoast.com\/product\/yoast-seo-wordpress\/ -->\n<title>Historia-old - Nikari<\/title>\n<meta name=\"robots\" content=\"index, follow, max-snippet:-1, max-image-preview:large, max-video-preview:-1\" \/>\n<link rel=\"canonical\" href=\"https:\/\/nikari.fi\/fi\/tietoa-meista-old\/historia-old\/\" \/>\n<meta property=\"og:locale\" content=\"fi_FI\" \/>\n<meta property=\"og:type\" content=\"article\" \/>\n<meta property=\"og:title\" content=\"Historia-old - Nikari\" \/>\n<meta property=\"og:description\" content=\"HISTORIA \u2013 VUOSILUKUJA 1967 Kari Virtanen perustaa Nikarin Pohjanmaalla ja ensimm\u00e4inen projekti Alvar Aallon arkkitehtitoimiston kanssa kest\u00e4\u00e4 7 vuotta.\u00a0 1977 Kari Virtanen ja Kaj Franck pit\u00e4v\u00e4t ensimm\u00e4isen yhteisn\u00e4yttelyn Helsingiss\u00e4. 1987 Kari Virtanen vastaanottaa skandinaavisen Bruno Mathsson -palkinnon 1993 Nikari muuttaa Fiskarsin ruukkiin, taiteen, k\u00e4sity\u00f6l\u00e4isyyden ja muotoilun kehittyv\u00e4\u00e4n keskukseen 1993 Kari Virtanen vastaanottaa SIO:n (Suomen sisustusarkkitehtien\" \/>\n<meta property=\"og:url\" content=\"https:\/\/nikari.fi\/fi\/tietoa-meista-old\/historia-old\/\" \/>\n<meta property=\"og:site_name\" content=\"Nikari\" \/>\n<meta property=\"article:modified_time\" content=\"2024-10-15T09:05:57+00:00\" \/>\n<meta name=\"twitter:card\" content=\"summary_large_image\" \/>\n<meta name=\"twitter:label1\" content=\"Arvioitu lukuaika\" \/>\n\t<meta name=\"twitter:data1\" content=\"2 minuuttia\" \/>\n<script type=\"application\/ld+json\" class=\"yoast-schema-graph\">{\"@context\":\"https:\\\/\\\/schema.org\",\"@graph\":[{\"@type\":\"WebPage\",\"@id\":\"https:\\\/\\\/nikari.fi\\\/fi\\\/tietoa-meista-old\\\/historia-old\\\/\",\"url\":\"https:\\\/\\\/nikari.fi\\\/fi\\\/tietoa-meista-old\\\/historia-old\\\/\",\"name\":\"Historia-old - Nikari\",\"isPartOf\":{\"@id\":\"https:\\\/\\\/nikari.fi\\\/fi\\\/#website\"},\"datePublished\":\"2019-04-19T16:13:58+00:00\",\"dateModified\":\"2024-10-15T09:05:57+00:00\",\"breadcrumb\":{\"@id\":\"https:\\\/\\\/nikari.fi\\\/fi\\\/tietoa-meista-old\\\/historia-old\\\/#breadcrumb\"},\"inLanguage\":\"fi\",\"potentialAction\":[{\"@type\":\"ReadAction\",\"target\":[\"https:\\\/\\\/nikari.fi\\\/fi\\\/tietoa-meista-old\\\/historia-old\\\/\"]}]},{\"@type\":\"BreadcrumbList\",\"@id\":\"https:\\\/\\\/nikari.fi\\\/fi\\\/tietoa-meista-old\\\/historia-old\\\/#breadcrumb\",\"itemListElement\":[{\"@type\":\"ListItem\",\"position\":1,\"name\":\"Home\",\"item\":\"https:\\\/\\\/nikari.fi\\\/fi\\\/\"},{\"@type\":\"ListItem\",\"position\":2,\"name\":\"Tietoa Meist\u00e4-old\",\"item\":\"https:\\\/\\\/nikari.fi\\\/fi\\\/tietoa-meista-old\\\/\"},{\"@type\":\"ListItem\",\"position\":3,\"name\":\"Historia-old\"}]},{\"@type\":\"WebSite\",\"@id\":\"https:\\\/\\\/nikari.fi\\\/fi\\\/#website\",\"url\":\"https:\\\/\\\/nikari.fi\\\/fi\\\/\",\"name\":\"Nikari\",\"description\":\"\",\"publisher\":{\"@id\":\"https:\\\/\\\/nikari.fi\\\/fi\\\/#organization\"},\"potentialAction\":[{\"@type\":\"SearchAction\",\"target\":{\"@type\":\"EntryPoint\",\"urlTemplate\":\"https:\\\/\\\/nikari.fi\\\/fi\\\/?s={search_term_string}\"},\"query-input\":{\"@type\":\"PropertyValueSpecification\",\"valueRequired\":true,\"valueName\":\"search_term_string\"}}],\"inLanguage\":\"fi\"},{\"@type\":\"Organization\",\"@id\":\"https:\\\/\\\/nikari.fi\\\/fi\\\/#organization\",\"name\":\"Nikari Oy\",\"url\":\"https:\\\/\\\/nikari.fi\\\/fi\\\/\",\"logo\":{\"@type\":\"ImageObject\",\"inLanguage\":\"fi\",\"@id\":\"https:\\\/\\\/nikari.fi\\\/fi\\\/#\\\/schema\\\/logo\\\/image\\\/\",\"url\":\"https:\\\/\\\/nikari.fi\\\/wp-content\\\/uploads\\\/2019\\\/01\\\/nikari-logo-1.png\",\"contentUrl\":\"https:\\\/\\\/nikari.fi\\\/wp-content\\\/uploads\\\/2019\\\/01\\\/nikari-logo-1.png\",\"width\":340,\"height\":60,\"caption\":\"Nikari Oy\"},\"image\":{\"@id\":\"https:\\\/\\\/nikari.fi\\\/fi\\\/#\\\/schema\\\/logo\\\/image\\\/\"}}]}<\/script>\n<!-- \/ Yoast SEO plugin. -->","yoast_head_json":{"title":"Historia-old - Nikari","robots":{"index":"index","follow":"follow","max-snippet":"max-snippet:-1","max-image-preview":"max-image-preview:large","max-video-preview":"max-video-preview:-1"},"canonical":"https:\/\/nikari.fi\/fi\/tietoa-meista-old\/historia-old\/","og_locale":"fi_FI","og_type":"article","og_title":"Historia-old - Nikari","og_description":"HISTORIA \u2013 VUOSILUKUJA 1967 Kari Virtanen perustaa Nikarin Pohjanmaalla ja ensimm\u00e4inen projekti Alvar Aallon arkkitehtitoimiston kanssa kest\u00e4\u00e4 7 vuotta.\u00a0 1977 Kari Virtanen ja Kaj Franck pit\u00e4v\u00e4t ensimm\u00e4isen yhteisn\u00e4yttelyn Helsingiss\u00e4. 1987 Kari Virtanen vastaanottaa skandinaavisen Bruno Mathsson -palkinnon 1993 Nikari muuttaa Fiskarsin ruukkiin, taiteen, k\u00e4sity\u00f6l\u00e4isyyden ja muotoilun kehittyv\u00e4\u00e4n keskukseen 1993 Kari Virtanen vastaanottaa SIO:n (Suomen sisustusarkkitehtien","og_url":"https:\/\/nikari.fi\/fi\/tietoa-meista-old\/historia-old\/","og_site_name":"Nikari","article_modified_time":"2024-10-15T09:05:57+00:00","twitter_card":"summary_large_image","twitter_misc":{"Arvioitu lukuaika":"2 minuuttia"},"schema":{"@context":"https:\/\/schema.org","@graph":[{"@type":"WebPage","@id":"https:\/\/nikari.fi\/fi\/tietoa-meista-old\/historia-old\/","url":"https:\/\/nikari.fi\/fi\/tietoa-meista-old\/historia-old\/","name":"Historia-old - Nikari","isPartOf":{"@id":"https:\/\/nikari.fi\/fi\/#website"},"datePublished":"2019-04-19T16:13:58+00:00","dateModified":"2024-10-15T09:05:57+00:00","breadcrumb":{"@id":"https:\/\/nikari.fi\/fi\/tietoa-meista-old\/historia-old\/#breadcrumb"},"inLanguage":"fi","potentialAction":[{"@type":"ReadAction","target":["https:\/\/nikari.fi\/fi\/tietoa-meista-old\/historia-old\/"]}]},{"@type":"BreadcrumbList","@id":"https:\/\/nikari.fi\/fi\/tietoa-meista-old\/historia-old\/#breadcrumb","itemListElement":[{"@type":"ListItem","position":1,"name":"Home","item":"https:\/\/nikari.fi\/fi\/"},{"@type":"ListItem","position":2,"name":"Tietoa Meist\u00e4-old","item":"https:\/\/nikari.fi\/fi\/tietoa-meista-old\/"},{"@type":"ListItem","position":3,"name":"Historia-old"}]},{"@type":"WebSite","@id":"https:\/\/nikari.fi\/fi\/#website","url":"https:\/\/nikari.fi\/fi\/","name":"Nikari","description":"","publisher":{"@id":"https:\/\/nikari.fi\/fi\/#organization"},"potentialAction":[{"@type":"SearchAction","target":{"@type":"EntryPoint","urlTemplate":"https:\/\/nikari.fi\/fi\/?s={search_term_string}"},"query-input":{"@type":"PropertyValueSpecification","valueRequired":true,"valueName":"search_term_string"}}],"inLanguage":"fi"},{"@type":"Organization","@id":"https:\/\/nikari.fi\/fi\/#organization","name":"Nikari Oy","url":"https:\/\/nikari.fi\/fi\/","logo":{"@type":"ImageObject","inLanguage":"fi","@id":"https:\/\/nikari.fi\/fi\/#\/schema\/logo\/image\/","url":"https:\/\/nikari.fi\/wp-content\/uploads\/2019\/01\/nikari-logo-1.png","contentUrl":"https:\/\/nikari.fi\/wp-content\/uploads\/2019\/01\/nikari-logo-1.png","width":340,"height":60,"caption":"Nikari Oy"},"image":{"@id":"https:\/\/nikari.fi\/fi\/#\/schema\/logo\/image\/"}}]}},"_links":{"self":[{"href":"https:\/\/nikari.fi\/fi\/wp-json\/wp\/v2\/pages\/3324","targetHints":{"allow":["GET"]}}],"collection":[{"href":"https:\/\/nikari.fi\/fi\/wp-json\/wp\/v2\/pages"}],"about":[{"href":"https:\/\/nikari.fi\/fi\/wp-json\/wp\/v2\/types\/page"}],"author":[{"embeddable":true,"href":"https:\/\/nikari.fi\/fi\/wp-json\/wp\/v2\/users\/2"}],"replies":[{"embeddable":true,"href":"https:\/\/nikari.fi\/fi\/wp-json\/wp\/v2\/comments?post=3324"}],"version-history":[{"count":18,"href":"https:\/\/nikari.fi\/fi\/wp-json\/wp\/v2\/pages\/3324\/revisions"}],"predecessor-version":[{"id":15948,"href":"https:\/\/nikari.fi\/fi\/wp-json\/wp\/v2\/pages\/3324\/revisions\/15948"}],"up":[{"embeddable":true,"href":"https:\/\/nikari.fi\/fi\/wp-json\/wp\/v2\/pages\/3312"}],"wp:attachment":[{"href":"https:\/\/nikari.fi\/fi\/wp-json\/wp\/v2\/media?parent=3324"}],"curies":[{"name":"wp","href":"https:\/\/api.w.org\/{rel}","templated":true}]}}