{"id":3349,"date":"2019-04-19T19:53:00","date_gmt":"2019-04-19T16:53:00","guid":{"rendered":"https:\/\/nikari.fi\/?page_id=3349"},"modified":"2025-10-06T12:27:14","modified_gmt":"2025-10-06T09:27:14","slug":"tuotteet","status":"publish","type":"page","link":"https:\/\/nikari.fi\/fi\/tuotteet\/","title":{"rendered":"TUOTTEET"},"content":{"rendered":"\t<div id=\"gap-143649176\" class=\"gap-element clearfix\" style=\"display:block; height:auto;\">\n\t\t\n<style>\n#gap-143649176 {\n  padding-top: 30px;\n}\n<\/style>\n\t<\/div>\n\t\n<div class=\"row align-middle\"  id=\"row-1286408759\">\n\n\t<div id=\"col-1908093687\" class=\"col medium-4 small-12 large-4\"  >\n\t\t\t\t<div class=\"col-inner\"  >\n\t\t\t\n\t\t\t\n<p><strong><span style=\"font-size: 110%;\">TUOTTEET<\/span><\/strong><\/p>\n\t<div id=\"gap-288275356\" class=\"gap-element clearfix\" style=\"display:block; height:auto;\">\n\t\t\n<style>\n#gap-288275356 {\n  padding-top: 50px;\n}\n<\/style>\n\t<\/div>\n\t\n<p>Kunnioitus puumateriaalia ja luontoa kohtaan on ohjannut monin tavoin Nikaria yrityksen\u00e4. Materiaalin hienous piilee sen parhaissa ominaisuuksissa, joita suunnittelijan on hyv\u00e4 hy\u00f6dynt\u00e4\u00e4 ty\u00f6ss\u00e4\u00e4n.<\/p>\n\t\t<\/div>\n\t\t\t\t\t<\/div>\n\n\t\n\n\t<div id=\"col-1772226405\" class=\"col medium-8 small-12 large-8\"  >\n\t\t\t\t<div class=\"col-inner\"  >\n\t\t\t\n\t\t\t\n\t<div class=\"img has-hover x md-x lg-x y md-y lg-y\" id=\"image_141599707\">\n\t\t\t\t\t\t\t\t<div class=\"img-inner image-cover dark\" style=\"padding-top:400px;\">\n\t\t\t<img loading=\"lazy\" decoding=\"async\" width=\"700\" height=\"345\" src=\"https:\/\/nikari.fi\/wp-content\/uploads\/2019\/01\/products-banner.jpg\" class=\"attachment-original size-original\" alt=\"\" srcset=\"https:\/\/nikari.fi\/wp-content\/uploads\/2019\/01\/products-banner.jpg 700w, https:\/\/nikari.fi\/wp-content\/uploads\/2019\/01\/products-banner-600x296.jpg 600w, https:\/\/nikari.fi\/wp-content\/uploads\/2019\/01\/products-banner-300x148.jpg 300w\" sizes=\"auto, (max-width: 700px) 100vw, 700px\" \/>\t\t\t\t\t\t\n\t\t\t\t\t<\/div>\n\t\t\t\t\t\t\t\t\n<style>\n#image_141599707 {\n  width: 100%;\n}\n<\/style>\n\t<\/div>\n\t\n\t\t<\/div>\n\t\t\t\t\t<\/div>\n\n\t\n<\/div>\n<div class=\"text-center\"><div class=\"is-divider divider clearfix\" style=\"max-width:100%;height:1px;background-color:rgb(102, 102, 102);\"><\/div><\/div>\n\t<div id=\"gap-1766849603\" class=\"gap-element clearfix\" style=\"display:block; height:auto;\">\n\t\t\n<style>\n#gap-1766849603 {\n  padding-top: 30px;\n}\n<\/style>\n\t<\/div>\n\t\n<div class=\"row\"  id=\"row-789454498\">\n\n\t<div id=\"col-239096876\" class=\"col medium-3 small-6 large-3\"  >\n\t\t\t\t<div class=\"col-inner\"  >\n\t\t\t\n\t\t\t\n\t<div class=\"img has-hover x md-x lg-x y md-y lg-y\" id=\"image_1273024063\">\n\t\t<a class=\"\" href=\"https:\/\/nikari.fi\/fi\/chairs\/\" >\t\t\t\t\t\t<div class=\"img-inner image-cover dark\" style=\"padding-top:100%;\">\n\t\t\t<img loading=\"lazy\" decoding=\"async\" width=\"400\" height=\"260\" src=\"https:\/\/nikari.fi\/wp-content\/uploads\/2019\/03\/Akademia.jpg\" class=\"attachment-large size-large\" alt=\"\" srcset=\"https:\/\/nikari.fi\/wp-content\/uploads\/2019\/03\/Akademia.jpg 400w, https:\/\/nikari.fi\/wp-content\/uploads\/2019\/03\/Akademia-300x195.jpg 300w\" sizes=\"auto, (max-width: 400px) 100vw, 400px\" \/>\t\t\t\t\t\t\n\t\t\t\t\t<\/div>\n\t\t\t\t\t\t<\/a>\t\t\n<style>\n#image_1273024063 {\n  width: 100%;\n}\n<\/style>\n\t<\/div>\n\t\n<p style=\"text-align: center;\">TUOLIT<\/p>\n\t\t<\/div>\n\t\t\t\t\t<\/div>\n\n\t\n\n\t<div id=\"col-1655365249\" class=\"col medium-3 small-6 large-3\"  >\n\t\t\t\t<div class=\"col-inner\"  >\n\t\t\t\n\t\t\t\n\t<div class=\"img has-hover x md-x lg-x y md-y lg-y\" id=\"image_635735303\">\n\t\t<a class=\"\" href=\"https:\/\/nikari.fi\/fi\/lepotuolit-ja-sohvat\/\" >\t\t\t\t\t\t<div class=\"img-inner image-cover dark\" style=\"padding-top:100%;\">\n\t\t\t<img loading=\"lazy\" decoding=\"async\" width=\"400\" height=\"260\" src=\"https:\/\/nikari.fi\/wp-content\/uploads\/2019\/03\/Decemebr.jpg\" class=\"attachment-large size-large\" alt=\"\" srcset=\"https:\/\/nikari.fi\/wp-content\/uploads\/2019\/03\/Decemebr.jpg 400w, https:\/\/nikari.fi\/wp-content\/uploads\/2019\/03\/Decemebr-300x195.jpg 300w\" sizes=\"auto, (max-width: 400px) 100vw, 400px\" \/>\t\t\t\t\t\t\n\t\t\t\t\t<\/div>\n\t\t\t\t\t\t<\/a>\t\t\n<style>\n#image_635735303 {\n  width: 100%;\n}\n<\/style>\n\t<\/div>\n\t\n<p style=\"text-align: center;\">LEPOTUOLIT &amp; SOHVAT<\/p>\n\t\t<\/div>\n\t\t\t\t\t<\/div>\n\n\t\n\n\t<div id=\"col-944697135\" class=\"col medium-3 small-6 large-3\"  >\n\t\t\t\t<div class=\"col-inner\"  >\n\t\t\t\n\t\t\t\n\t<div class=\"img has-hover x md-x lg-x y md-y lg-y\" id=\"image_1229798404\">\n\t\t<a class=\"\" href=\"https:\/\/nikari.fi\/fi\/jakkarat-ja-penkit\/\" >\t\t\t\t\t\t<div class=\"img-inner image-cover dark\" style=\"padding-top:100%;\">\n\t\t\t<img loading=\"lazy\" decoding=\"async\" width=\"400\" height=\"260\" src=\"https:\/\/nikari.fi\/wp-content\/uploads\/2019\/03\/Perch.jpg\" class=\"attachment-large size-large\" alt=\"\" srcset=\"https:\/\/nikari.fi\/wp-content\/uploads\/2019\/03\/Perch.jpg 400w, https:\/\/nikari.fi\/wp-content\/uploads\/2019\/03\/Perch-300x195.jpg 300w\" sizes=\"auto, (max-width: 400px) 100vw, 400px\" \/>\t\t\t\t\t\t\n\t\t\t\t\t<\/div>\n\t\t\t\t\t\t<\/a>\t\t\n<style>\n#image_1229798404 {\n  width: 100%;\n}\n<\/style>\n\t<\/div>\n\t\n<p style=\"text-align: center;\">JAKKARAT &amp; PENKIT<\/p>\n\t\t<\/div>\n\t\t\t\t\t<\/div>\n\n\t\n\n\t<div id=\"col-488668705\" class=\"col medium-3 small-6 large-3\"  >\n\t\t\t\t<div class=\"col-inner\"  >\n\t\t\t\n\t\t\t\n\t<div class=\"img has-hover x md-x lg-x y md-y lg-y\" id=\"image_2133057428\">\n\t\t<a class=\"\" href=\"https:\/\/nikari.fi\/fi\/poydat\/\" >\t\t\t\t\t\t<div class=\"img-inner image-cover dark\" style=\"padding-top:100%;\">\n\t\t\t<img loading=\"lazy\" decoding=\"async\" width=\"657\" height=\"541\" src=\"https:\/\/nikari.fi\/wp-content\/uploads\/2021\/09\/Basic-thumbnail-002-e1630934561631.jpg\" class=\"attachment-large size-large\" alt=\"Basic oval table by Jenni Roininen\" srcset=\"https:\/\/nikari.fi\/wp-content\/uploads\/2021\/09\/Basic-thumbnail-002-e1630934561631.jpg 657w, https:\/\/nikari.fi\/wp-content\/uploads\/2021\/09\/Basic-thumbnail-002-e1630934561631-600x494.jpg 600w, https:\/\/nikari.fi\/wp-content\/uploads\/2021\/09\/Basic-thumbnail-002-e1630934561631-300x247.jpg 300w\" sizes=\"auto, (max-width: 657px) 100vw, 657px\" \/>\t\t\t\t\t\t\n\t\t\t\t\t<\/div>\n\t\t\t\t\t\t<\/a>\t\t\n<style>\n#image_2133057428 {\n  width: 100%;\n}\n<\/style>\n\t<\/div>\n\t\n<p style=\"text-align: center;\">P\u00d6YD\u00c4T<\/p>\n\t\t<\/div>\n\t\t\t\t\t<\/div>\n\n\t\n<\/div>\n<div class=\"row\"  id=\"row-2124386741\">\n\n\t<div id=\"col-297560541\" class=\"col medium-3 small-6 large-3\"  >\n\t\t\t\t<div class=\"col-inner\"  >\n\t\t\t\n\t\t\t\n\t<div class=\"img has-hover x md-x lg-x y md-y lg-y\" id=\"image_1018363434\">\n\t\t<a class=\"\" href=\"https:\/\/nikari.fi\/fi\/muut-tuotteet\/\" >\t\t\t\t\t\t<div class=\"img-inner image-cover dark\" style=\"padding-top:100%;\">\n\t\t\t<img loading=\"lazy\" decoding=\"async\" width=\"400\" height=\"260\" src=\"https:\/\/nikari.fi\/wp-content\/uploads\/2019\/03\/Separat.jpg\" class=\"attachment-large size-large\" alt=\"\" srcset=\"https:\/\/nikari.fi\/wp-content\/uploads\/2019\/03\/Separat.jpg 400w, https:\/\/nikari.fi\/wp-content\/uploads\/2019\/03\/Separat-300x195.jpg 300w\" sizes=\"auto, (max-width: 400px) 100vw, 400px\" \/>\t\t\t\t\t\t\n\t\t\t\t\t<\/div>\n\t\t\t\t\t\t<\/a>\t\t\n<style>\n#image_1018363434 {\n  width: 100%;\n}\n<\/style>\n\t<\/div>\n\t\n<p style=\"text-align: center;\">MUUT TUOTTEET<\/p>\n\t\t<\/div>\n\t\t\t\t\t<\/div>\n\n\t\n\n\t<div id=\"col-1772493621\" class=\"col medium-3 small-6 large-3\"  >\n\t\t\t\t<div class=\"col-inner\"  >\n\t\t\t\n\t\t\t\n\t<div class=\"img has-hover x md-x lg-x y md-y lg-y\" id=\"image_1540314701\">\n\t\t<a class=\"\" href=\"https:\/\/nikari.fi\/fi\/12-designs-for-nature\/\" >\t\t\t\t\t\t<div class=\"img-inner image-cover dark\" style=\"padding-top:100%;\">\n\t\t\t<img loading=\"lazy\" decoding=\"async\" width=\"400\" height=\"260\" src=\"https:\/\/nikari.fi\/wp-content\/uploads\/2019\/03\/April.jpg\" class=\"attachment-large size-large\" alt=\"\" srcset=\"https:\/\/nikari.fi\/wp-content\/uploads\/2019\/03\/April.jpg 400w, https:\/\/nikari.fi\/wp-content\/uploads\/2019\/03\/April-300x195.jpg 300w\" sizes=\"auto, (max-width: 400px) 100vw, 400px\" \/>\t\t\t\t\t\t\n\t\t\t\t\t<\/div>\n\t\t\t\t\t\t<\/a>\t\t\n<style>\n#image_1540314701 {\n  width: 100%;\n}\n<\/style>\n\t<\/div>\n\t\n<p style=\"text-align: center;\">12 DESIGNS FOR NATURE<\/p>\n\t\t<\/div>\n\t\t\t\t\t<\/div>\n\n\t\n\n\t<div id=\"col-1079777356\" class=\"col medium-3 small-6 large-3\"  >\n\t\t\t\t<div class=\"col-inner\"  >\n\t\t\t\n\t\t\t\n\t<div class=\"img has-hover x md-x lg-x y md-y lg-y\" id=\"image_1598235199\">\n\t\t<a class=\"\" href=\"https:\/\/nikari.fi\/fi\/sohva-sivu-poydat\/\" >\t\t\t\t\t\t<div class=\"img-inner image-cover dark\" style=\"padding-top:100%;\">\n\t\t\t<img loading=\"lazy\" decoding=\"async\" width=\"800\" height=\"800\" src=\"https:\/\/nikari.fi\/wp-content\/uploads\/2020\/04\/January_tables.png\" class=\"attachment-original size-original\" alt=\"\" srcset=\"https:\/\/nikari.fi\/wp-content\/uploads\/2020\/04\/January_tables.png 800w, https:\/\/nikari.fi\/wp-content\/uploads\/2020\/04\/January_tables-300x300.png 300w, https:\/\/nikari.fi\/wp-content\/uploads\/2020\/04\/January_tables-100x100.png 100w, https:\/\/nikari.fi\/wp-content\/uploads\/2020\/04\/January_tables-600x600.png 600w, https:\/\/nikari.fi\/wp-content\/uploads\/2020\/04\/January_tables-150x150.png 150w, https:\/\/nikari.fi\/wp-content\/uploads\/2020\/04\/January_tables-768x768.png 768w\" sizes=\"auto, (max-width: 800px) 100vw, 800px\" \/>\t\t\t\t\t\t\n\t\t\t\t\t<\/div>\n\t\t\t\t\t\t<\/a>\t\t\n<style>\n#image_1598235199 {\n  width: 100%;\n}\n<\/style>\n\t<\/div>\n\t\n<p style=\"text-align: center;\">SOHVA- &#038; SIVUP\u00d6YD\u00c4T<\/p>\n\t\t<\/div>\n\t\t\t\t\t<\/div>\n\n\t\n\n\t<div id=\"col-1625808494\" class=\"col medium-3 small-6 large-3\"  >\n\t\t\t\t<div class=\"col-inner\"  >\n\t\t\t\n\t\t\t\n\t<div class=\"img has-hover x md-x lg-x y md-y lg-y\" id=\"image_640101454\">\n\t\t<a class=\"\" href=\"https:\/\/nikari.fi\/outdoor-furniture\/\" >\t\t\t\t\t\t<div class=\"img-inner image-cover dark\" style=\"padding-top:100%;\">\n\t\t\t<img loading=\"lazy\" decoding=\"async\" width=\"800\" height=\"777\" src=\"https:\/\/nikari.fi\/wp-content\/uploads\/2020\/04\/KVTT1_stack3.png\" class=\"attachment-large size-large\" alt=\"\" srcset=\"https:\/\/nikari.fi\/wp-content\/uploads\/2020\/04\/KVTT1_stack3.png 800w, https:\/\/nikari.fi\/wp-content\/uploads\/2020\/04\/KVTT1_stack3-600x583.png 600w, https:\/\/nikari.fi\/wp-content\/uploads\/2020\/04\/KVTT1_stack3-300x291.png 300w, https:\/\/nikari.fi\/wp-content\/uploads\/2020\/04\/KVTT1_stack3-768x746.png 768w\" sizes=\"auto, (max-width: 800px) 100vw, 800px\" \/>\t\t\t\t\t\t\n\t\t\t\t\t<\/div>\n\t\t\t\t\t\t<\/a>\t\t\n<style>\n#image_640101454 {\n  width: 100%;\n}\n<\/style>\n\t<\/div>\n\t\n<p style=\"text-align: center;\">ULKOKALUSTEET<\/p>\n\t\t<\/div>\n\t\t\t\t\t<\/div>\n\n\t\n\n\n\t<div id=\"col-1520349439\" class=\"col medium-3 small-6 large-3\"  >\n\t\t\t\t<div class=\"col-inner\"  >\n\t\t\t\n\t\t\t\n\t\t<\/div>\n\t\t\t\t\t<\/div>\n\n\t\n<\/div>\n<div class=\"text-center\"><div class=\"is-divider divider clearfix\" style=\"max-width:100%;height:1px;background-color:rgb(102, 102, 102);\"><\/div><\/div>\n<p>P\u00e4\u00e4osin huonekalumme on tarkoitettu sis\u00e4tiloihin. Ainoastaan ARKIPELAGO &#8211; terassikalustesarja sopii rakenteensa ja liitosten vuoksi my\u00f6s katettuihin ulkotiloihin. Kosteisiin tiloihin sopivat vain saunajakkaramme, muut tuotteet vaurioituvat liiassa kosteudessa ja l\u00e4mp\u00f6tilavaihteluissa. Mallistomme voi vaihdella vuosien varrella. K\u00e4yt\u00e4mme koivua, tammea ja saarnea p\u00e4\u00e4puulajeina. On hyv\u00e4 huomioida, ett\u00e4 joitakin tuotteita valmistetaan sarjana vain kerran vuodessa.<\/p>\n<p>December-nojatuolimme luonnonparkkinahka kehitt\u00e4\u00e4 kauniin patinan k\u00e4ytt\u00f6vuosien varrella. Kuten kaikki nahat ilman erikoisk\u00e4sittely\u00e4, my\u00f6s luonnonparkki v\u00e4rj\u00e4ytyy rasvan, nesteen ja UV-s\u00e4teilyn vaikutuksesta tummemmaksi.<\/p>\n<p>Pintak\u00e4sittelymme on ensisijaisesti puu\u00f6ljyseos, mutta tietyiss\u00e4 tuotteissa ratkaisuna on lakka. Puu\u00f6ljyseoksella pintak\u00e4sitelty puu voidaan k\u00e4sitell\u00e4 yh\u00e4 uudelleen, ja suosittelemmekin pintak\u00e4sittely\u00e4 kahden vuoden v\u00e4lein. Pinta tulee pyyhki\u00e4 puhtaaksi ja kuivaksi nihke\u00e4ll\u00e4 rievulla, orgaanisia saippuoita k\u00e4ytt\u00e4en. Lakka suojaa puupintaa tehokkaasti kosteudelta ja lialta. Pinta on suositeltavaa kuitenkin pyyhki\u00e4 aina mahdollisimman nopeasti puhtaaksi ja kuivaksi nihke\u00e4ll\u00e4 rievulla. Jos pinta jostain syyst\u00e4 vaurioituu, se pit\u00e4\u00e4 hioa kokonaan ennen lakan uusintak\u00e4sittely\u00e4.<\/p>\n","protected":false},"excerpt":{"rendered":"<p>P\u00e4\u00e4osin huonekalumme on tarkoitettu sis\u00e4tiloihin. Ainoastaan ARKIPELAGO &#8211; terassikalustesarja sopii rakenteensa ja liitosten vuoksi my\u00f6s katettuihin ulkotiloihin. Kosteisiin tiloihin sopivat vain saunajakkaramme, muut tuotteet vaurioituvat liiassa kosteudessa ja l\u00e4mp\u00f6tilavaihteluissa. Mallistomme voi vaihdella vuosien varrella. K\u00e4yt\u00e4mme koivua, tammea ja saarnea p\u00e4\u00e4puulajeina. On hyv\u00e4 huomioida, ett\u00e4 joitakin tuotteita valmistetaan sarjana vain kerran vuodessa. December-nojatuolimme luonnonparkkinahka kehitt\u00e4\u00e4 kauniin<\/p>\n","protected":false},"author":2,"featured_media":0,"parent":0,"menu_order":0,"comment_status":"closed","ping_status":"closed","template":"","meta":{"footnotes":""},"class_list":["post-3349","page","type-page","status-publish","hentry"],"yoast_head":"<!-- This site is optimized with the Yoast SEO plugin v27.3 - https:\/\/yoast.com\/product\/yoast-seo-wordpress\/ -->\n<title>TUOTTEET - Nikari<\/title>\n<meta name=\"robots\" content=\"index, follow, max-snippet:-1, max-image-preview:large, max-video-preview:-1\" \/>\n<link rel=\"canonical\" href=\"https:\/\/nikari.fi\/fi\/tuotteet\/\" \/>\n<meta property=\"og:locale\" content=\"fi_FI\" \/>\n<meta property=\"og:type\" content=\"article\" \/>\n<meta property=\"og:title\" content=\"TUOTTEET - Nikari\" \/>\n<meta property=\"og:description\" content=\"P\u00e4\u00e4osin huonekalumme on tarkoitettu sis\u00e4tiloihin. Ainoastaan ARKIPELAGO &#8211; terassikalustesarja sopii rakenteensa ja liitosten vuoksi my\u00f6s katettuihin ulkotiloihin. Kosteisiin tiloihin sopivat vain saunajakkaramme, muut tuotteet vaurioituvat liiassa kosteudessa ja l\u00e4mp\u00f6tilavaihteluissa. Mallistomme voi vaihdella vuosien varrella. K\u00e4yt\u00e4mme koivua, tammea ja saarnea p\u00e4\u00e4puulajeina. On hyv\u00e4 huomioida, ett\u00e4 joitakin tuotteita valmistetaan sarjana vain kerran vuodessa. December-nojatuolimme luonnonparkkinahka kehitt\u00e4\u00e4 kauniin\" \/>\n<meta property=\"og:url\" content=\"https:\/\/nikari.fi\/fi\/tuotteet\/\" \/>\n<meta property=\"og:site_name\" content=\"Nikari\" \/>\n<meta property=\"article:modified_time\" content=\"2025-10-06T09:27:14+00:00\" \/>\n<meta name=\"twitter:card\" content=\"summary_large_image\" \/>\n<meta name=\"twitter:label1\" content=\"Arvioitu lukuaika\" \/>\n\t<meta name=\"twitter:data1\" content=\"2 minuuttia\" \/>\n<script type=\"application\/ld+json\" class=\"yoast-schema-graph\">{\"@context\":\"https:\\\/\\\/schema.org\",\"@graph\":[{\"@type\":\"WebPage\",\"@id\":\"https:\\\/\\\/nikari.fi\\\/fi\\\/tuotteet\\\/\",\"url\":\"https:\\\/\\\/nikari.fi\\\/fi\\\/tuotteet\\\/\",\"name\":\"TUOTTEET - Nikari\",\"isPartOf\":{\"@id\":\"https:\\\/\\\/nikari.fi\\\/fi\\\/#website\"},\"datePublished\":\"2019-04-19T16:53:00+00:00\",\"dateModified\":\"2025-10-06T09:27:14+00:00\",\"breadcrumb\":{\"@id\":\"https:\\\/\\\/nikari.fi\\\/fi\\\/tuotteet\\\/#breadcrumb\"},\"inLanguage\":\"fi\",\"potentialAction\":[{\"@type\":\"ReadAction\",\"target\":[\"https:\\\/\\\/nikari.fi\\\/fi\\\/tuotteet\\\/\"]}]},{\"@type\":\"BreadcrumbList\",\"@id\":\"https:\\\/\\\/nikari.fi\\\/fi\\\/tuotteet\\\/#breadcrumb\",\"itemListElement\":[{\"@type\":\"ListItem\",\"position\":1,\"name\":\"Home\",\"item\":\"https:\\\/\\\/nikari.fi\\\/fi\\\/\"},{\"@type\":\"ListItem\",\"position\":2,\"name\":\"TUOTTEET\"}]},{\"@type\":\"WebSite\",\"@id\":\"https:\\\/\\\/nikari.fi\\\/fi\\\/#website\",\"url\":\"https:\\\/\\\/nikari.fi\\\/fi\\\/\",\"name\":\"Nikari\",\"description\":\"\",\"publisher\":{\"@id\":\"https:\\\/\\\/nikari.fi\\\/fi\\\/#organization\"},\"potentialAction\":[{\"@type\":\"SearchAction\",\"target\":{\"@type\":\"EntryPoint\",\"urlTemplate\":\"https:\\\/\\\/nikari.fi\\\/fi\\\/?s={search_term_string}\"},\"query-input\":{\"@type\":\"PropertyValueSpecification\",\"valueRequired\":true,\"valueName\":\"search_term_string\"}}],\"inLanguage\":\"fi\"},{\"@type\":\"Organization\",\"@id\":\"https:\\\/\\\/nikari.fi\\\/fi\\\/#organization\",\"name\":\"Nikari Oy\",\"url\":\"https:\\\/\\\/nikari.fi\\\/fi\\\/\",\"logo\":{\"@type\":\"ImageObject\",\"inLanguage\":\"fi\",\"@id\":\"https:\\\/\\\/nikari.fi\\\/fi\\\/#\\\/schema\\\/logo\\\/image\\\/\",\"url\":\"https:\\\/\\\/nikari.fi\\\/wp-content\\\/uploads\\\/2019\\\/01\\\/nikari-logo-1.png\",\"contentUrl\":\"https:\\\/\\\/nikari.fi\\\/wp-content\\\/uploads\\\/2019\\\/01\\\/nikari-logo-1.png\",\"width\":340,\"height\":60,\"caption\":\"Nikari Oy\"},\"image\":{\"@id\":\"https:\\\/\\\/nikari.fi\\\/fi\\\/#\\\/schema\\\/logo\\\/image\\\/\"}}]}<\/script>\n<!-- \/ Yoast SEO plugin. -->","yoast_head_json":{"title":"TUOTTEET - Nikari","robots":{"index":"index","follow":"follow","max-snippet":"max-snippet:-1","max-image-preview":"max-image-preview:large","max-video-preview":"max-video-preview:-1"},"canonical":"https:\/\/nikari.fi\/fi\/tuotteet\/","og_locale":"fi_FI","og_type":"article","og_title":"TUOTTEET - Nikari","og_description":"P\u00e4\u00e4osin huonekalumme on tarkoitettu sis\u00e4tiloihin. Ainoastaan ARKIPELAGO &#8211; terassikalustesarja sopii rakenteensa ja liitosten vuoksi my\u00f6s katettuihin ulkotiloihin. Kosteisiin tiloihin sopivat vain saunajakkaramme, muut tuotteet vaurioituvat liiassa kosteudessa ja l\u00e4mp\u00f6tilavaihteluissa. Mallistomme voi vaihdella vuosien varrella. K\u00e4yt\u00e4mme koivua, tammea ja saarnea p\u00e4\u00e4puulajeina. On hyv\u00e4 huomioida, ett\u00e4 joitakin tuotteita valmistetaan sarjana vain kerran vuodessa. December-nojatuolimme luonnonparkkinahka kehitt\u00e4\u00e4 kauniin","og_url":"https:\/\/nikari.fi\/fi\/tuotteet\/","og_site_name":"Nikari","article_modified_time":"2025-10-06T09:27:14+00:00","twitter_card":"summary_large_image","twitter_misc":{"Arvioitu lukuaika":"2 minuuttia"},"schema":{"@context":"https:\/\/schema.org","@graph":[{"@type":"WebPage","@id":"https:\/\/nikari.fi\/fi\/tuotteet\/","url":"https:\/\/nikari.fi\/fi\/tuotteet\/","name":"TUOTTEET - Nikari","isPartOf":{"@id":"https:\/\/nikari.fi\/fi\/#website"},"datePublished":"2019-04-19T16:53:00+00:00","dateModified":"2025-10-06T09:27:14+00:00","breadcrumb":{"@id":"https:\/\/nikari.fi\/fi\/tuotteet\/#breadcrumb"},"inLanguage":"fi","potentialAction":[{"@type":"ReadAction","target":["https:\/\/nikari.fi\/fi\/tuotteet\/"]}]},{"@type":"BreadcrumbList","@id":"https:\/\/nikari.fi\/fi\/tuotteet\/#breadcrumb","itemListElement":[{"@type":"ListItem","position":1,"name":"Home","item":"https:\/\/nikari.fi\/fi\/"},{"@type":"ListItem","position":2,"name":"TUOTTEET"}]},{"@type":"WebSite","@id":"https:\/\/nikari.fi\/fi\/#website","url":"https:\/\/nikari.fi\/fi\/","name":"Nikari","description":"","publisher":{"@id":"https:\/\/nikari.fi\/fi\/#organization"},"potentialAction":[{"@type":"SearchAction","target":{"@type":"EntryPoint","urlTemplate":"https:\/\/nikari.fi\/fi\/?s={search_term_string}"},"query-input":{"@type":"PropertyValueSpecification","valueRequired":true,"valueName":"search_term_string"}}],"inLanguage":"fi"},{"@type":"Organization","@id":"https:\/\/nikari.fi\/fi\/#organization","name":"Nikari Oy","url":"https:\/\/nikari.fi\/fi\/","logo":{"@type":"ImageObject","inLanguage":"fi","@id":"https:\/\/nikari.fi\/fi\/#\/schema\/logo\/image\/","url":"https:\/\/nikari.fi\/wp-content\/uploads\/2019\/01\/nikari-logo-1.png","contentUrl":"https:\/\/nikari.fi\/wp-content\/uploads\/2019\/01\/nikari-logo-1.png","width":340,"height":60,"caption":"Nikari Oy"},"image":{"@id":"https:\/\/nikari.fi\/fi\/#\/schema\/logo\/image\/"}}]}},"_links":{"self":[{"href":"https:\/\/nikari.fi\/fi\/wp-json\/wp\/v2\/pages\/3349","targetHints":{"allow":["GET"]}}],"collection":[{"href":"https:\/\/nikari.fi\/fi\/wp-json\/wp\/v2\/pages"}],"about":[{"href":"https:\/\/nikari.fi\/fi\/wp-json\/wp\/v2\/types\/page"}],"author":[{"embeddable":true,"href":"https:\/\/nikari.fi\/fi\/wp-json\/wp\/v2\/users\/2"}],"replies":[{"embeddable":true,"href":"https:\/\/nikari.fi\/fi\/wp-json\/wp\/v2\/comments?post=3349"}],"version-history":[{"count":27,"href":"https:\/\/nikari.fi\/fi\/wp-json\/wp\/v2\/pages\/3349\/revisions"}],"predecessor-version":[{"id":18034,"href":"https:\/\/nikari.fi\/fi\/wp-json\/wp\/v2\/pages\/3349\/revisions\/18034"}],"wp:attachment":[{"href":"https:\/\/nikari.fi\/fi\/wp-json\/wp\/v2\/media?parent=3349"}],"curies":[{"name":"wp","href":"https:\/\/api.w.org\/{rel}","templated":true}]}}