{"id":3378,"date":"2019-04-22T15:21:30","date_gmt":"2019-04-22T12:21:30","guid":{"rendered":"https:\/\/nikari.fi\/?page_id=3378"},"modified":"2019-04-22T15:21:30","modified_gmt":"2019-04-22T12:21:30","slug":"periferia-collection","status":"publish","type":"page","link":"https:\/\/nikari.fi\/fi\/periferia-collection\/","title":{"rendered":"PERIFERIA COLLECTION"},"content":{"rendered":"\t<div id=\"gap-1704694525\" class=\"gap-element clearfix\" style=\"display:block; height:auto;\">\n\t\t\n<style>\n#gap-1704694525 {\n  padding-top: 30px;\n}\n<\/style>\n\t<\/div>\n\t\n<div id=\"portfolio-666021610\" class=\"portfolio-element-wrapper has-filtering\">\n  \n    <div class=\"row large-columns-4 medium-columns-3 small-columns-2 row-small\" >\n    <div class=\"col\" data-terms=\"[&quot;PERIFERIA COLLECTION&quot;,&quot;STOOLS &amp; BENCHES&quot;]\" >\n          <div class=\"col-inner\" >\n          <a href=\"https:\/\/nikari.fi\/fi\/products\/periferia-collection-fi,stools-and-benches-fi\/periferia-kvj3\/\" class=\"plain \">\n          <div class=\"portfolio-box box has-hover box-default\">\n            <div class=\"box-image\" style=\"width:92%;\">\n                <div class=\"image-cover\" style=\"padding-top:70%;\">\n                <img loading=\"lazy\" decoding=\"async\" width=\"300\" height=\"205\" src=\"https:\/\/nikari.fi\/wp-content\/uploads\/2019\/03\/KVJ3_1-300x205.jpg\" class=\"attachment-medium size-medium\" alt=\"\" srcset=\"https:\/\/nikari.fi\/wp-content\/uploads\/2019\/03\/KVJ3_1-300x205.jpg 300w, https:\/\/nikari.fi\/wp-content\/uploads\/2019\/03\/KVJ3_1-600x410.jpg 600w, https:\/\/nikari.fi\/wp-content\/uploads\/2019\/03\/KVJ3_1-768x525.jpg 768w, https:\/\/nikari.fi\/wp-content\/uploads\/2019\/03\/KVJ3_1.jpg 1000w\" sizes=\"auto, (max-width: 300px) 100vw, 300px\" \/>                                                <\/div>\n            <\/div>\n            <div class=\"box-text text-center is-large\" >\n                  <div class=\"box-text-inner\">\n                      <h6 class=\"uppercase portfolio-box-title\">PERIFERIA KVJ3<\/h6>\n                      <p class=\"uppercase portfolio-box-category is-xsmall op-6\">\n                        <span class=\"show-on-hover\">\n                         PERIFERIA COLLECTION, STOOLS &amp; BENCHES                        <\/span>\n                      <\/p>\n                  <\/div>\n            <\/div>\n           <\/div>\n           <\/a>\n           <\/div>\n           <\/div><div class=\"col\" data-terms=\"[&quot;PERIFERIA COLLECTION&quot;,&quot;TABLES&quot;]\" >\n          <div class=\"col-inner\" >\n          <a href=\"https:\/\/nikari.fi\/fi\/products\/periferia-collection-fi,tables-fi\/periferia-kvp1-2-3\/\" class=\"plain \">\n          <div class=\"portfolio-box box has-hover box-default\">\n            <div class=\"box-image\" style=\"width:92%;\">\n                <div class=\"image-cover\" style=\"padding-top:70%;\">\n                <img loading=\"lazy\" decoding=\"async\" width=\"300\" height=\"203\" src=\"https:\/\/nikari.fi\/wp-content\/uploads\/2019\/04\/KVP2-3-300x203.jpg\" class=\"attachment-medium size-medium\" alt=\"\" srcset=\"https:\/\/nikari.fi\/wp-content\/uploads\/2019\/04\/KVP2-3-300x203.jpg 300w, https:\/\/nikari.fi\/wp-content\/uploads\/2019\/04\/KVP2-3-600x406.jpg 600w, https:\/\/nikari.fi\/wp-content\/uploads\/2019\/04\/KVP2-3-768x519.jpg 768w, https:\/\/nikari.fi\/wp-content\/uploads\/2019\/04\/KVP2-3.jpg 1000w\" sizes=\"auto, (max-width: 300px) 100vw, 300px\" \/>                                                <\/div>\n            <\/div>\n            <div class=\"box-text text-center is-large\" >\n                  <div class=\"box-text-inner\">\n                      <h6 class=\"uppercase portfolio-box-title\">PERIFERIA P\u00d6YT\u00c4<\/h6>\n                      <p class=\"uppercase portfolio-box-category is-xsmall op-6\">\n                        <span class=\"show-on-hover\">\n                         PERIFERIA COLLECTION, TABLES                        <\/span>\n                      <\/p>\n                  <\/div>\n            <\/div>\n           <\/div>\n           <\/a>\n           <\/div>\n           <\/div><div class=\"col\" data-terms=\"[&quot;PERIFERIA COLLECTION&quot;,&quot;SOHVA- &amp; SIVUP\u00d6YD\u00c4T&quot;]\" >\n          <div class=\"col-inner\" >\n          <a href=\"https:\/\/nikari.fi\/fi\/products\/periferia-collection-fi,coffee-side-tables-fi\/periferia-kvp6c-8c\/\" class=\"plain \">\n          <div class=\"portfolio-box box has-hover box-default\">\n            <div class=\"box-image\" style=\"width:92%;\">\n                <div class=\"image-cover\" style=\"padding-top:70%;\">\n                <img loading=\"lazy\" decoding=\"async\" width=\"300\" height=\"200\" src=\"https:\/\/nikari.fi\/wp-content\/uploads\/2021\/01\/Periferia_oak-300x200.jpeg\" class=\"attachment-medium size-medium\" alt=\"\" srcset=\"https:\/\/nikari.fi\/wp-content\/uploads\/2021\/01\/Periferia_oak-300x200.jpeg 300w, https:\/\/nikari.fi\/wp-content\/uploads\/2021\/01\/Periferia_oak-600x400.jpeg 600w, https:\/\/nikari.fi\/wp-content\/uploads\/2021\/01\/Periferia_oak-1024x682.jpeg 1024w, https:\/\/nikari.fi\/wp-content\/uploads\/2021\/01\/Periferia_oak-768x512.jpeg 768w, https:\/\/nikari.fi\/wp-content\/uploads\/2021\/01\/Periferia_oak-1536x1024.jpeg 1536w, https:\/\/nikari.fi\/wp-content\/uploads\/2021\/01\/Periferia_oak-2048x1365.jpeg 2048w, https:\/\/nikari.fi\/wp-content\/uploads\/2021\/01\/Periferia_oak.jpeg 1200w\" sizes=\"auto, (max-width: 300px) 100vw, 300px\" \/>                                                <\/div>\n            <\/div>\n            <div class=\"box-text text-center is-large\" >\n                  <div class=\"box-text-inner\">\n                      <h6 class=\"uppercase portfolio-box-title\">PERIFERIA SOHVAP\u00d6YT\u00c4<\/h6>\n                      <p class=\"uppercase portfolio-box-category is-xsmall op-6\">\n                        <span class=\"show-on-hover\">\n                         PERIFERIA COLLECTION, SOHVA- &amp; SIVUP\u00d6YD\u00c4T                        <\/span>\n                      <\/p>\n                  <\/div>\n            <\/div>\n           <\/div>\n           <\/a>\n           <\/div>\n           <\/div><div class=\"col\" data-terms=\"[&quot;PERIFERIA COLLECTION&quot;,&quot;TABLES&quot;]\" >\n          <div class=\"col-inner\" >\n          <a href=\"https:\/\/nikari.fi\/fi\/products\/periferia-collection-fi,tables-fi\/periferia-kvp8-9\/\" class=\"plain \">\n          <div class=\"portfolio-box box has-hover box-default\">\n            <div class=\"box-image\" style=\"width:92%;\">\n                <div class=\"image-cover\" style=\"padding-top:70%;\">\n                <img loading=\"lazy\" decoding=\"async\" width=\"300\" height=\"300\" src=\"https:\/\/nikari.fi\/wp-content\/uploads\/2019\/04\/Periferia-round-table_thump-nail-k-300x300.jpg\" class=\"attachment-medium size-medium\" alt=\"\" srcset=\"https:\/\/nikari.fi\/wp-content\/uploads\/2019\/04\/Periferia-round-table_thump-nail-k-300x300.jpg 300w, https:\/\/nikari.fi\/wp-content\/uploads\/2019\/04\/Periferia-round-table_thump-nail-k-100x100.jpg 100w, https:\/\/nikari.fi\/wp-content\/uploads\/2019\/04\/Periferia-round-table_thump-nail-k-600x599.jpg 600w, https:\/\/nikari.fi\/wp-content\/uploads\/2019\/04\/Periferia-round-table_thump-nail-k-500x500.jpg 500w, https:\/\/nikari.fi\/wp-content\/uploads\/2019\/04\/Periferia-round-table_thump-nail-k-768x767.jpg 768w, https:\/\/nikari.fi\/wp-content\/uploads\/2019\/04\/Periferia-round-table_thump-nail-k.jpg 989w\" sizes=\"auto, (max-width: 300px) 100vw, 300px\" \/>                                                <\/div>\n            <\/div>\n            <div class=\"box-text text-center is-large\" >\n                  <div class=\"box-text-inner\">\n                      <h6 class=\"uppercase portfolio-box-title\">PERIFERIA PY\u00d6RE\u00c4 P\u00d6YT\u00c4<\/h6>\n                      <p class=\"uppercase portfolio-box-category is-xsmall op-6\">\n                        <span class=\"show-on-hover\">\n                         PERIFERIA COLLECTION, TABLES                        <\/span>\n                      <\/p>\n                  <\/div>\n            <\/div>\n           <\/div>\n           <\/a>\n           <\/div>\n           <\/div><div class=\"col\" data-terms=\"[&quot;CHAIRS&quot;,&quot;PERIFERIA COLLECTION&quot;,&quot;SEMINAR COLLECTION&quot;]\" >\n          <div class=\"col-inner\" >\n          <a href=\"https:\/\/nikari.fi\/fi\/products\/chairs-fi,periferia-collection-fi,seminar-collection-fi\/periferia-kvt3\/\" class=\"plain \">\n          <div class=\"portfolio-box box has-hover box-default\">\n            <div class=\"box-image\" style=\"width:92%;\">\n                <div class=\"image-cover\" style=\"padding-top:70%;\">\n                <img loading=\"lazy\" decoding=\"async\" width=\"300\" height=\"195\" src=\"https:\/\/nikari.fi\/wp-content\/uploads\/2019\/03\/KVT3-300x195.jpg\" class=\"attachment-medium size-medium\" alt=\"\" srcset=\"https:\/\/nikari.fi\/wp-content\/uploads\/2019\/03\/KVT3-300x195.jpg 300w, https:\/\/nikari.fi\/wp-content\/uploads\/2019\/03\/KVT3.jpg 400w\" sizes=\"auto, (max-width: 300px) 100vw, 300px\" \/>                                                <\/div>\n            <\/div>\n            <div class=\"box-text text-center is-large\" >\n                  <div class=\"box-text-inner\">\n                      <h6 class=\"uppercase portfolio-box-title\">PERIFERIA KVT3<\/h6>\n                      <p class=\"uppercase portfolio-box-category is-xsmall op-6\">\n                        <span class=\"show-on-hover\">\n                         CHAIRS, PERIFERIA COLLECTION, SEMINAR COLLECTION                        <\/span>\n                      <\/p>\n                  <\/div>\n            <\/div>\n           <\/div>\n           <\/a>\n           <\/div>\n           <\/div><\/div><\/div>\n<style>\n#portfolio-666021610 .box-image {\n  width: 92%;\n}\n<\/style>\n\n","protected":false},"excerpt":{"rendered":"","protected":false},"author":2,"featured_media":0,"parent":0,"menu_order":0,"comment_status":"closed","ping_status":"closed","template":"","meta":{"footnotes":""},"class_list":["post-3378","page","type-page","status-publish","hentry"],"yoast_head":"<!-- This site is optimized with the Yoast SEO plugin v27.3 - https:\/\/yoast.com\/product\/yoast-seo-wordpress\/ -->\n<title>PERIFERIA COLLECTION - Nikari<\/title>\n<meta name=\"robots\" content=\"index, follow, max-snippet:-1, max-image-preview:large, max-video-preview:-1\" \/>\n<link rel=\"canonical\" href=\"https:\/\/nikari.fi\/fi\/periferia-collection\/\" \/>\n<meta property=\"og:locale\" content=\"fi_FI\" \/>\n<meta property=\"og:type\" content=\"article\" \/>\n<meta property=\"og:title\" content=\"PERIFERIA COLLECTION - Nikari\" \/>\n<meta property=\"og:url\" content=\"https:\/\/nikari.fi\/fi\/periferia-collection\/\" \/>\n<meta property=\"og:site_name\" content=\"Nikari\" \/>\n<meta name=\"twitter:card\" content=\"summary_large_image\" \/>\n<script type=\"application\/ld+json\" class=\"yoast-schema-graph\">{\"@context\":\"https:\\\/\\\/schema.org\",\"@graph\":[{\"@type\":\"WebPage\",\"@id\":\"https:\\\/\\\/nikari.fi\\\/fi\\\/periferia-collection\\\/\",\"url\":\"https:\\\/\\\/nikari.fi\\\/fi\\\/periferia-collection\\\/\",\"name\":\"PERIFERIA COLLECTION - Nikari\",\"isPartOf\":{\"@id\":\"https:\\\/\\\/nikari.fi\\\/fi\\\/#website\"},\"datePublished\":\"2019-04-22T12:21:30+00:00\",\"breadcrumb\":{\"@id\":\"https:\\\/\\\/nikari.fi\\\/fi\\\/periferia-collection\\\/#breadcrumb\"},\"inLanguage\":\"fi\",\"potentialAction\":[{\"@type\":\"ReadAction\",\"target\":[\"https:\\\/\\\/nikari.fi\\\/fi\\\/periferia-collection\\\/\"]}]},{\"@type\":\"BreadcrumbList\",\"@id\":\"https:\\\/\\\/nikari.fi\\\/fi\\\/periferia-collection\\\/#breadcrumb\",\"itemListElement\":[{\"@type\":\"ListItem\",\"position\":1,\"name\":\"Home\",\"item\":\"https:\\\/\\\/nikari.fi\\\/fi\\\/\"},{\"@type\":\"ListItem\",\"position\":2,\"name\":\"PERIFERIA COLLECTION\"}]},{\"@type\":\"WebSite\",\"@id\":\"https:\\\/\\\/nikari.fi\\\/fi\\\/#website\",\"url\":\"https:\\\/\\\/nikari.fi\\\/fi\\\/\",\"name\":\"Nikari\",\"description\":\"\",\"publisher\":{\"@id\":\"https:\\\/\\\/nikari.fi\\\/fi\\\/#organization\"},\"potentialAction\":[{\"@type\":\"SearchAction\",\"target\":{\"@type\":\"EntryPoint\",\"urlTemplate\":\"https:\\\/\\\/nikari.fi\\\/fi\\\/?s={search_term_string}\"},\"query-input\":{\"@type\":\"PropertyValueSpecification\",\"valueRequired\":true,\"valueName\":\"search_term_string\"}}],\"inLanguage\":\"fi\"},{\"@type\":\"Organization\",\"@id\":\"https:\\\/\\\/nikari.fi\\\/fi\\\/#organization\",\"name\":\"Nikari Oy\",\"url\":\"https:\\\/\\\/nikari.fi\\\/fi\\\/\",\"logo\":{\"@type\":\"ImageObject\",\"inLanguage\":\"fi\",\"@id\":\"https:\\\/\\\/nikari.fi\\\/fi\\\/#\\\/schema\\\/logo\\\/image\\\/\",\"url\":\"https:\\\/\\\/nikari.fi\\\/wp-content\\\/uploads\\\/2019\\\/01\\\/nikari-logo-1.png\",\"contentUrl\":\"https:\\\/\\\/nikari.fi\\\/wp-content\\\/uploads\\\/2019\\\/01\\\/nikari-logo-1.png\",\"width\":340,\"height\":60,\"caption\":\"Nikari Oy\"},\"image\":{\"@id\":\"https:\\\/\\\/nikari.fi\\\/fi\\\/#\\\/schema\\\/logo\\\/image\\\/\"}}]}<\/script>\n<!-- \/ Yoast SEO plugin. -->","yoast_head_json":{"title":"PERIFERIA COLLECTION - Nikari","robots":{"index":"index","follow":"follow","max-snippet":"max-snippet:-1","max-image-preview":"max-image-preview:large","max-video-preview":"max-video-preview:-1"},"canonical":"https:\/\/nikari.fi\/fi\/periferia-collection\/","og_locale":"fi_FI","og_type":"article","og_title":"PERIFERIA COLLECTION - Nikari","og_url":"https:\/\/nikari.fi\/fi\/periferia-collection\/","og_site_name":"Nikari","twitter_card":"summary_large_image","schema":{"@context":"https:\/\/schema.org","@graph":[{"@type":"WebPage","@id":"https:\/\/nikari.fi\/fi\/periferia-collection\/","url":"https:\/\/nikari.fi\/fi\/periferia-collection\/","name":"PERIFERIA COLLECTION - Nikari","isPartOf":{"@id":"https:\/\/nikari.fi\/fi\/#website"},"datePublished":"2019-04-22T12:21:30+00:00","breadcrumb":{"@id":"https:\/\/nikari.fi\/fi\/periferia-collection\/#breadcrumb"},"inLanguage":"fi","potentialAction":[{"@type":"ReadAction","target":["https:\/\/nikari.fi\/fi\/periferia-collection\/"]}]},{"@type":"BreadcrumbList","@id":"https:\/\/nikari.fi\/fi\/periferia-collection\/#breadcrumb","itemListElement":[{"@type":"ListItem","position":1,"name":"Home","item":"https:\/\/nikari.fi\/fi\/"},{"@type":"ListItem","position":2,"name":"PERIFERIA COLLECTION"}]},{"@type":"WebSite","@id":"https:\/\/nikari.fi\/fi\/#website","url":"https:\/\/nikari.fi\/fi\/","name":"Nikari","description":"","publisher":{"@id":"https:\/\/nikari.fi\/fi\/#organization"},"potentialAction":[{"@type":"SearchAction","target":{"@type":"EntryPoint","urlTemplate":"https:\/\/nikari.fi\/fi\/?s={search_term_string}"},"query-input":{"@type":"PropertyValueSpecification","valueRequired":true,"valueName":"search_term_string"}}],"inLanguage":"fi"},{"@type":"Organization","@id":"https:\/\/nikari.fi\/fi\/#organization","name":"Nikari Oy","url":"https:\/\/nikari.fi\/fi\/","logo":{"@type":"ImageObject","inLanguage":"fi","@id":"https:\/\/nikari.fi\/fi\/#\/schema\/logo\/image\/","url":"https:\/\/nikari.fi\/wp-content\/uploads\/2019\/01\/nikari-logo-1.png","contentUrl":"https:\/\/nikari.fi\/wp-content\/uploads\/2019\/01\/nikari-logo-1.png","width":340,"height":60,"caption":"Nikari Oy"},"image":{"@id":"https:\/\/nikari.fi\/fi\/#\/schema\/logo\/image\/"}}]}},"_links":{"self":[{"href":"https:\/\/nikari.fi\/fi\/wp-json\/wp\/v2\/pages\/3378","targetHints":{"allow":["GET"]}}],"collection":[{"href":"https:\/\/nikari.fi\/fi\/wp-json\/wp\/v2\/pages"}],"about":[{"href":"https:\/\/nikari.fi\/fi\/wp-json\/wp\/v2\/types\/page"}],"author":[{"embeddable":true,"href":"https:\/\/nikari.fi\/fi\/wp-json\/wp\/v2\/users\/2"}],"replies":[{"embeddable":true,"href":"https:\/\/nikari.fi\/fi\/wp-json\/wp\/v2\/comments?post=3378"}],"version-history":[{"count":1,"href":"https:\/\/nikari.fi\/fi\/wp-json\/wp\/v2\/pages\/3378\/revisions"}],"predecessor-version":[{"id":3381,"href":"https:\/\/nikari.fi\/fi\/wp-json\/wp\/v2\/pages\/3378\/revisions\/3381"}],"wp:attachment":[{"href":"https:\/\/nikari.fi\/fi\/wp-json\/wp\/v2\/media?parent=3378"}],"curies":[{"name":"wp","href":"https:\/\/api.w.org\/{rel}","templated":true}]}}